{"id":3148,"date":"2025-05-07T09:25:04","date_gmt":"2025-05-07T07:25:04","guid":{"rendered":"https:\/\/ecojewelry.se\/?post_type=product&#038;p=3148"},"modified":"2025-10-09T13:01:47","modified_gmt":"2025-10-09T11:01:47","slug":"inspirerad-av-tom-ford-lost-cherry","status":"publish","type":"product","link":"https:\/\/ecojewelry.se\/en\/product\/inspirerad-av-tom-ford-lost-cherry\/","title":{"rendered":"Inspired by: Tom Ford Lost Cherry"},"content":{"rendered":"<div class=\"wp-block-woocommerce-product-details alignwide is-style-minimal\" data-block-name=\"woocommerce\/product-details\" data-hide-tab-title=\"true\" data-style=\"{&quot;spacing&quot;:{&quot;margin&quot;:{&quot;top&quot;:&quot;0&quot;,&quot;bottom&quot;:&quot;0&quot;}}}\">\n<div>\n<div class=\"woocommerce-tabs wc-tabs-wrapper\">\n<div id=\"tab-description\" class=\"woocommerce-Tabs-panel woocommerce-Tabs-panel--description panel entry-content wc-tab\" role=\"tabpanel\" aria-labelledby=\"tab-title-description\">\n<p>L08C is a seductive and dreamy fragrance that captures the essence of temptation and pleasure. With its rich and sweet character, it combines playfulness with sophisticated sensuality.\u00a0<strong>L08C\u00a0<\/strong>is like a forbidden fantasy \u2013 rich, decadent and irresistible. It\u2019s perfect for evenings and special occasions when you want to embrace your sensual side and leave a lasting impression. This iconic scent celebrates the delightful complexity of pleasure and is an instant classic for those who love to explore the unexpected.<\/p>\n<p>&nbsp;<\/p>\n<p><strong>Volume: 50 ml<\/strong><\/p>\n<\/div>\n<\/div>\n<\/div>\n<\/div>\n<div class=\"wp-block-woocommerce-product-meta\" data-block-name=\"woocommerce\/product-meta\">\n<div class=\"wp-block-group is-vertical is-nowrap is-layout-flex wp-container-core-group-is-layout-1 wp-block-group-is-layout-flex\">\n<div class=\"taxonomy-product_tag wp-block-post-terms\"><\/div>\n<\/div>\n<\/div>","protected":false},"excerpt":{"rendered":"<div class=\"wp-block-woocommerce-product-details alignwide is-style-minimal\" data-block-name=\"woocommerce\/product-details\" data-hide-tab-title=\"true\" data-style=\"{&quot;spacing&quot;:{&quot;margin&quot;:{&quot;top&quot;:&quot;0&quot;,&quot;bottom&quot;:&quot;0&quot;}}}\">\n<div>\n<div class=\"woocommerce-tabs wc-tabs-wrapper\">\n<div id=\"tab-description\" class=\"woocommerce-Tabs-panel woocommerce-Tabs-panel--description panel entry-content wc-tab\" role=\"tabpanel\" aria-labelledby=\"tab-title-description\">\n<p>L08C is a seductive and dreamy fragrance that captures the essence of temptation and pleasure. With its rich and sweet character, it combines playfulness with sophisticated sensuality.\u00a0<strong>L08C\u00a0<\/strong>is like a forbidden fantasy \u2013 rich, decadent and irresistible. It\u2019s perfect for evenings and special occasions when you want to embrace your sensual side and leave a lasting impression. This iconic scent celebrates the delightful complexity of pleasure and is an instant classic for those who love to explore the unexpected.<\/p>\n<p>&nbsp;<\/p>\n<p><strong>Volume: 50 ml<\/strong><\/p>\n<p>&nbsp;<\/p>\n<p><strong>Inspired by:\u00a0<\/strong>Tom Ford Lost Cherry<\/p>\n<\/div>\n<\/div>\n<\/div>\n<\/div>\n<div class=\"wp-block-woocommerce-product-meta\" data-block-name=\"woocommerce\/product-meta\">\n<div class=\"wp-block-group is-vertical is-nowrap is-layout-flex wp-container-core-group-is-layout-1 wp-block-group-is-layout-flex\">\n<div class=\"wc-block-components-product-sku wc-block-grid__product-sku wp-block-woocommerce-product-sku product_meta wp-block-post-terms\" style=\"box-sizing: border-box; display: block; overflow-wrap: break-word; margin: 0px;\" data-block-name=\"woocommerce\/product-sku\" data-is-descendent-of-single-product-template=\"true\" data-prefix=\"&lt;strong&gt;Artikel nr:&lt;\/strong&gt;\"><span class=\"wp-block-post-terms__prefix\"><strong>Article no.:<\/strong><\/span>\u00a0<span class=\"sku\">10L08C<\/span><\/div>\n<div class=\"taxonomy-product_cat wp-block-post-terms\"><span class=\"wp-block-post-terms__prefix\"><strong>Category:\u00a0<\/strong><\/span><a href=\"https:\/\/wiliofragrances.se\/produkt-kategori\/alla-parfymer\/unisex-parfymer\/\" rel=\"tag\">Unisex perfumes<\/a><\/div>\n<div class=\"taxonomy-product_tag wp-block-post-terms\"><span class=\"wp-block-post-terms__prefix\"><strong>Ingredients:\u00a0<\/strong><\/span><a href=\"https:\/\/wiliofragrances.se\/produktetikett\/benzoin\/\" rel=\"tag\">Benzoin<\/a><span class=\"wp-block-post-terms__separator\">, <\/span><a href=\"https:\/\/wiliofragrances.se\/produktetikett\/bitter-almond\/\" rel=\"tag\">Bitter Almond<\/a><span class=\"wp-block-post-terms__separator\">, <\/span><a href=\"https:\/\/wiliofragrances.se\/produktetikett\/black-cherry\/\" rel=\"tag\">Black Cherry<\/a><span class=\"wp-block-post-terms__separator\">, <\/span><a href=\"https:\/\/wiliofragrances.se\/produktetikett\/cedar\/\" rel=\"tag\">Cedar<\/a><span class=\"wp-block-post-terms__separator\">, <\/span><a href=\"https:\/\/wiliofragrances.se\/produktetikett\/cherry-liqueur\/\" rel=\"tag\">Cherry Liqueur<\/a><span class=\"wp-block-post-terms__separator\">, <\/span><a href=\"https:\/\/wiliofragrances.se\/produktetikett\/cinnamon\/\" rel=\"tag\">Cinnamon<\/a><span class=\"wp-block-post-terms__separator\">, <\/span><a href=\"https:\/\/wiliofragrances.se\/produktetikett\/cloves\/\" rel=\"tag\">Cloves<\/a><span class=\"wp-block-post-terms__separator\">, <\/span><a href=\"https:\/\/wiliofragrances.se\/produktetikett\/jasmine-sambac\/\" rel=\"tag\">Jasmine Sambac<\/a><span class=\"wp-block-post-terms__separator\">, <\/span><a href=\"https:\/\/wiliofragrances.se\/produktetikett\/patchouli\/\" rel=\"tag\">Patchouli<\/a><span class=\"wp-block-post-terms__separator\">, <\/span><a href=\"https:\/\/wiliofragrances.se\/produktetikett\/peru-balsam\/\" rel=\"tag\">Peruvian Balsam<\/a><span class=\"wp-block-post-terms__separator\">, <\/span><a href=\"https:\/\/wiliofragrances.se\/produktetikett\/plum\/\" rel=\"tag\">Plum<\/a><span class=\"wp-block-post-terms__separator\">, <\/span><a href=\"https:\/\/wiliofragrances.se\/produktetikett\/sandalwood\/\" rel=\"tag\">Sandalwood<\/a><span class=\"wp-block-post-terms__separator\">, <\/span><a href=\"https:\/\/wiliofragrances.se\/produktetikett\/sour-cherry\/\" rel=\"tag\">Sour Cherry<\/a><span class=\"wp-block-post-terms__separator\">, <\/span><a href=\"https:\/\/wiliofragrances.se\/produktetikett\/tonka-bean\/\" rel=\"tag\">Tonka Bean<\/a><span class=\"wp-block-post-terms__separator\">, <\/span><a href=\"https:\/\/wiliofragrances.se\/produktetikett\/turkish-rose\/\" rel=\"tag\">Turkish Rose<\/a><span class=\"wp-block-post-terms__separator\">, <\/span><a href=\"https:\/\/wiliofragrances.se\/produktetikett\/vanilla\/\" rel=\"tag\">Vanilla<\/a><span class=\"wp-block-post-terms__separator\">, <\/span><a href=\"https:\/\/wiliofragrances.se\/produktetikett\/vetiver\/\" rel=\"tag\">Vetiver<\/a><\/div>\n<\/div>\n<\/div>","protected":false},"featured_media":3149,"comment_status":"open","ping_status":"closed","template":"","meta":{"_uag_custom_page_level_css":"","site-sidebar-layout":"default","site-content-layout":"","ast-site-content-layout":"default","site-content-style":"default","site-sidebar-style":"default","ast-global-header-display":"","ast-banner-title-visibility":"","ast-main-header-display":"","ast-hfb-above-header-display":"","ast-hfb-below-header-display":"","ast-hfb-mobile-header-display":"","site-post-title":"","ast-breadcrumbs-content":"","ast-featured-img":"","footer-sml-layout":"","ast-disable-related-posts":"","theme-transparent-header-meta":"default","adv-header-id-meta":"","stick-header-meta":"","header-above-stick-meta":"","header-main-stick-meta":"","header-below-stick-meta":"","astra-migrate-meta-layouts":"set","ast-page-background-enabled":"default","ast-page-background-meta":{"desktop":{"background-color":"","background-image":"","background-repeat":"repeat","background-position":"center center","background-size":"auto","background-attachment":"scroll","background-type":"","background-media":"","overlay-type":"","overlay-color":"","overlay-opacity":"","overlay-gradient":""},"tablet":{"background-color":"","background-image":"","background-repeat":"repeat","background-position":"center center","background-size":"auto","background-attachment":"scroll","background-type":"","background-media":"","overlay-type":"","overlay-color":"","overlay-opacity":"","overlay-gradient":""},"mobile":{"background-color":"","background-image":"","background-repeat":"repeat","background-position":"center center","background-size":"auto","background-attachment":"scroll","background-type":"","background-media":"","overlay-type":"","overlay-color":"","overlay-opacity":"","overlay-gradient":""}},"ast-content-background-meta":{"desktop":{"background-color":"var(--ast-global-color-5)","background-image":"","background-repeat":"repeat","background-position":"center center","background-size":"auto","background-attachment":"scroll","background-type":"","background-media":"","overlay-type":"","overlay-color":"","overlay-opacity":"","overlay-gradient":""},"tablet":{"background-color":"var(--ast-global-color-5)","background-image":"","background-repeat":"repeat","background-position":"center center","background-size":"auto","background-attachment":"scroll","background-type":"","background-media":"","overlay-type":"","overlay-color":"","overlay-opacity":"","overlay-gradient":""},"mobile":{"background-color":"var(--ast-global-color-5)","background-image":"","background-repeat":"repeat","background-position":"center center","background-size":"auto","background-attachment":"scroll","background-type":"","background-media":"","overlay-type":"","overlay-color":"","overlay-opacity":"","overlay-gradient":""}}},"product_brand":[],"product_cat":[65,61],"product_tag":[],"class_list":{"0":"post-3148","1":"product","2":"type-product","3":"status-publish","4":"has-post-thumbnail","6":"product_cat-unisex-parfymer","7":"product_cat-willio-fragrances","8":"product_shipping_class-willio-fragrances","9":"desktop-align-left","10":"tablet-align-left","11":"mobile-align-left","13":"first","14":"instock","15":"taxable","16":"shipping-taxable","17":"purchasable","18":"product-type-simple"},"aioseo_notices":[],"uagb_featured_image_src":{"full":["https:\/\/ecojewelry.se\/wp-content\/uploads\/2025\/05\/With-You-1080-x-1350-\u043f\u0438\u043a\u0441.11.png",1080,1350,false],"thumbnail":["https:\/\/ecojewelry.se\/wp-content\/uploads\/2025\/05\/With-You-1080-x-1350-\u043f\u0438\u043a\u0441.11-150x150.png",150,150,true],"medium":["https:\/\/ecojewelry.se\/wp-content\/uploads\/2025\/05\/With-You-1080-x-1350-\u043f\u0438\u043a\u0441.11-240x300.png",240,300,true],"medium_large":["https:\/\/ecojewelry.se\/wp-content\/uploads\/2025\/05\/With-You-1080-x-1350-\u043f\u0438\u043a\u0441.11-768x960.png",768,960,true],"large":["https:\/\/ecojewelry.se\/wp-content\/uploads\/2025\/05\/With-You-1080-x-1350-\u043f\u0438\u043a\u0441.11-819x1024.png",819,1024,true],"1536x1536":["https:\/\/ecojewelry.se\/wp-content\/uploads\/2025\/05\/With-You-1080-x-1350-\u043f\u0438\u043a\u0441.11.png",1080,1350,false],"2048x2048":["https:\/\/ecojewelry.se\/wp-content\/uploads\/2025\/05\/With-You-1080-x-1350-\u043f\u0438\u043a\u0441.11.png",1080,1350,false],"trp-custom-language-flag":["https:\/\/ecojewelry.se\/wp-content\/uploads\/2025\/05\/With-You-1080-x-1350-\u043f\u0438\u043a\u0441.11.png",10,12,false],"mailpoet_newsletter_max":["https:\/\/ecojewelry.se\/wp-content\/uploads\/2025\/05\/With-You-1080-x-1350-\u043f\u0438\u043a\u0441.11.png",1080,1350,false],"woocommerce_thumbnail":["https:\/\/ecojewelry.se\/wp-content\/uploads\/2025\/05\/With-You-1080-x-1350-\u043f\u0438\u043a\u0441.11-300x300.png",300,300,true],"woocommerce_single":["https:\/\/ecojewelry.se\/wp-content\/uploads\/2025\/05\/With-You-1080-x-1350-\u043f\u0438\u043a\u0441.11-600x750.png",600,750,true],"woocommerce_gallery_thumbnail":["https:\/\/ecojewelry.se\/wp-content\/uploads\/2025\/05\/With-You-1080-x-1350-\u043f\u0438\u043a\u0441.11-100x100.png",100,100,true]},"uagb_author_info":{"display_name":"sabahkarboug","author_link":"https:\/\/ecojewelry.se\/en\/author\/"},"uagb_comment_info":0,"uagb_excerpt":"L08C\u00c4r en f\u00f6rf\u00f6risk och dr\u00f6mlik doft som f\u00e5ngar essensen av frestelse och njutning. Med sin fylliga och s\u00f6ta karakt\u00e4r kombinerar den lekfullhet med sofistikerad sensualitet.\u00a0L08C\u00a0\u00e4r som en f\u00f6rbjuden fantasi \u2013 fyllig, dekadent och oemotst\u00e5ndlig. Den \u00e4r perfekt f\u00f6r kv\u00e4llar och speciella tillf\u00e4llen n\u00e4r du vill omfamna din sensuella sida och l\u00e4mna ett varaktigt intryck. Denna&hellip;","jetpack_sharing_enabled":true,"_links":{"self":[{"href":"https:\/\/ecojewelry.se\/en\/wp-json\/wp\/v2\/product\/3148","targetHints":{"allow":["GET"]}}],"collection":[{"href":"https:\/\/ecojewelry.se\/en\/wp-json\/wp\/v2\/product"}],"about":[{"href":"https:\/\/ecojewelry.se\/en\/wp-json\/wp\/v2\/types\/product"}],"replies":[{"embeddable":true,"href":"https:\/\/ecojewelry.se\/en\/wp-json\/wp\/v2\/comments?post=3148"}],"wp:featuredmedia":[{"embeddable":true,"href":"https:\/\/ecojewelry.se\/en\/wp-json\/wp\/v2\/media\/3149"}],"wp:attachment":[{"href":"https:\/\/ecojewelry.se\/en\/wp-json\/wp\/v2\/media?parent=3148"}],"wp:term":[{"taxonomy":"product_brand","embeddable":true,"href":"https:\/\/ecojewelry.se\/en\/wp-json\/wp\/v2\/product_brand?post=3148"},{"taxonomy":"product_cat","embeddable":true,"href":"https:\/\/ecojewelry.se\/en\/wp-json\/wp\/v2\/product_cat?post=3148"},{"taxonomy":"product_tag","embeddable":true,"href":"https:\/\/ecojewelry.se\/en\/wp-json\/wp\/v2\/product_tag?post=3148"}],"curies":[{"name":"wp","href":"https:\/\/api.w.org\/{rel}","templated":true}]}}