{"id":3144,"date":"2025-05-07T09:20:00","date_gmt":"2025-05-07T07:20:00","guid":{"rendered":"https:\/\/ecojewelry.se\/?post_type=product&#038;p=3144"},"modified":"2025-10-09T13:02:06","modified_gmt":"2025-10-09T11:02:06","slug":"inspirerad-av-tom-ford-vanille-fatale","status":"publish","type":"product","link":"https:\/\/ecojewelry.se\/en\/product\/inspirerad-av-tom-ford-vanille-fatale\/","title":{"rendered":"Inspired by: Tom Ford Vanille Fatale"},"content":{"rendered":"<div class=\"wp-block-woocommerce-product-details alignwide is-style-minimal\" data-block-name=\"woocommerce\/product-details\" data-hide-tab-title=\"true\" data-style=\"{&quot;spacing&quot;:{&quot;margin&quot;:{&quot;top&quot;:&quot;0&quot;,&quot;bottom&quot;:&quot;0&quot;}}}\">\n<div>\n<div class=\"woocommerce-tabs wc-tabs-wrapper\">\n<div id=\"tab-description\" class=\"woocommerce-Tabs-panel woocommerce-Tabs-panel--description panel entry-content wc-tab\" role=\"tabpanel\" aria-labelledby=\"tab-title-description\">\n<p><strong>V14F\u00a0<\/strong>Is a fragrance that symbolizes power and passion. It captures the essence of a person who is fearless, magnetic and full of self-confidence. Vanilla is at the center, but it is surrounded by complex and bold notes that make the scent both dynamic and unforgettable.<\/p>\n<p>&nbsp;<\/p>\n<p><strong>V14F<\/strong>\u00a0is a versatile scent that works best on cooler days or in the evening. It&#039;s perfect for special occasions where you want to make a strong impression, but also works for everyday moments that require a sense of luxury and mystery.<\/p>\n<p>&nbsp;<\/p>\n<p><strong>Volume: 50 ml<\/strong><\/p>\n<\/div>\n<\/div>\n<\/div>\n<\/div>\n<div class=\"wp-block-woocommerce-product-meta\" data-block-name=\"woocommerce\/product-meta\">\n<div class=\"wp-block-group is-vertical is-nowrap is-layout-flex wp-container-core-group-is-layout-1 wp-block-group-is-layout-flex\">\n<div class=\"taxonomy-product_tag wp-block-post-terms\"><\/div>\n<\/div>\n<\/div>","protected":false},"excerpt":{"rendered":"<div class=\"wp-block-woocommerce-product-details alignwide is-style-minimal\" data-block-name=\"woocommerce\/product-details\" data-hide-tab-title=\"true\" data-style=\"{&quot;spacing&quot;:{&quot;margin&quot;:{&quot;top&quot;:&quot;0&quot;,&quot;bottom&quot;:&quot;0&quot;}}}\">\n<div>\n<div class=\"woocommerce-tabs wc-tabs-wrapper\">\n<div id=\"tab-description\" class=\"woocommerce-Tabs-panel woocommerce-Tabs-panel--description panel entry-content wc-tab\" role=\"tabpanel\" aria-labelledby=\"tab-title-description\">\n<p><strong>V14F\u00a0<\/strong>Is a fragrance that symbolizes power and passion. It captures the essence of a person who is fearless, magnetic and full of self-confidence. Vanilla is at the center, but it is surrounded by complex and bold notes that make the scent both dynamic and unforgettable.<\/p>\n<p>&nbsp;<\/p>\n<p><strong>V14F<\/strong>\u00a0is a versatile scent that works best on cooler days or in the evening. It&#039;s perfect for special occasions where you want to make a strong impression, but also works for everyday moments that require a sense of luxury and mystery.<\/p>\n<p>&nbsp;<\/p>\n<p><strong>Volume: 50 ml<\/strong><\/p>\n<p>&nbsp;<\/p>\n<p><strong>Inspired by:\u00a0<\/strong>Tom Ford Vanille Fatale<\/p>\n<\/div>\n<\/div>\n<\/div>\n<\/div>\n<div class=\"wp-block-woocommerce-product-meta\" data-block-name=\"woocommerce\/product-meta\">\n<div class=\"wp-block-group is-vertical is-nowrap is-layout-flex wp-container-core-group-is-layout-1 wp-block-group-is-layout-flex\">\n<div class=\"wc-block-components-product-sku wc-block-grid__product-sku wp-block-woocommerce-product-sku product_meta wp-block-post-terms\" style=\"box-sizing: border-box; display: block; overflow-wrap: break-word; margin: 0px;\" data-block-name=\"woocommerce\/product-sku\" data-is-descendent-of-single-product-template=\"true\" data-prefix=\"&lt;strong&gt;Artikel nr:&lt;\/strong&gt;\"><span class=\"wp-block-post-terms__prefix\"><strong>Article no.:<\/strong><\/span>\u00a0<span class=\"sku\">10V14F<\/span><\/div>\n<div class=\"taxonomy-product_cat wp-block-post-terms\"><span class=\"wp-block-post-terms__prefix\"><strong>Category:\u00a0<\/strong><\/span><a href=\"https:\/\/wiliofragrances.se\/produkt-kategori\/alla-parfymer\/unisex-parfymer\/\" rel=\"tag\">Unisex perfumes<\/a><\/div>\n<div class=\"taxonomy-product_tag wp-block-post-terms\"><span class=\"wp-block-post-terms__prefix\"><strong>Ingredients:\u00a0<\/strong><\/span><a href=\"https:\/\/wiliofragrances.se\/produktetikett\/artemisia\/\" rel=\"tag\">Artemisia<\/a><span class=\"wp-block-post-terms__separator\">, <\/span><a href=\"https:\/\/wiliofragrances.se\/produktetikett\/barley\/\" rel=\"tag\">Barley<\/a><span class=\"wp-block-post-terms__separator\">, <\/span><a href=\"https:\/\/wiliofragrances.se\/produktetikett\/coffee\/\" rel=\"tag\">Coffee<\/a><span class=\"wp-block-post-terms__separator\">, <\/span><a href=\"https:\/\/wiliofragrances.se\/produktetikett\/coriander\/\" rel=\"tag\">Coriander<\/a><span class=\"wp-block-post-terms__separator\">, <\/span><a href=\"https:\/\/wiliofragrances.se\/produktetikett\/frangipani\/\" rel=\"tag\">Frangipani<\/a><span class=\"wp-block-post-terms__separator\">, <\/span><a href=\"https:\/\/wiliofragrances.se\/produktetikett\/lime\/\" rel=\"tag\">Lime<\/a><span class=\"wp-block-post-terms__separator\">, <\/span><a href=\"https:\/\/wiliofragrances.se\/produktetikett\/madagascar-vanilla\/\" rel=\"tag\">Madagascar Vanilla<\/a><span class=\"wp-block-post-terms__separator\">, <\/span><a href=\"https:\/\/wiliofragrances.se\/produktetikett\/mahogany\/\" rel=\"tag\">Mahogany<\/a><span class=\"wp-block-post-terms__separator\">, <\/span><a href=\"https:\/\/wiliofragrances.se\/produktetikett\/myrrh\/\" rel=\"tag\">Myrrh<\/a><span class=\"wp-block-post-terms__separator\">, <\/span><a href=\"https:\/\/wiliofragrances.se\/produktetikett\/narcissus\/\" rel=\"tag\">Narcissus<\/a><span class=\"wp-block-post-terms__separator\">, <\/span><a href=\"https:\/\/wiliofragrances.se\/produktetikett\/oakmoss\/\" rel=\"tag\">Oakmoss<\/a><span class=\"wp-block-post-terms__separator\">, <\/span><a href=\"https:\/\/wiliofragrances.se\/produktetikett\/olibanum\/\" rel=\"tag\">Frankincense<\/a><span class=\"wp-block-post-terms__separator\">, <\/span><a href=\"https:\/\/wiliofragrances.se\/produktetikett\/orange\/\" rel=\"tag\">Orange<\/a><span class=\"wp-block-post-terms__separator\">, <\/span><a href=\"https:\/\/wiliofragrances.se\/produktetikett\/patchouli\/\" rel=\"tag\">Patchouli<\/a><span class=\"wp-block-post-terms__separator\">, <\/span><a href=\"https:\/\/wiliofragrances.se\/produktetikett\/plum\/\" rel=\"tag\">Plum<\/a><span class=\"wp-block-post-terms__separator\">, <\/span><a href=\"https:\/\/wiliofragrances.se\/produktetikett\/rose\/\" rel=\"tag\">Rose<\/a><span class=\"wp-block-post-terms__separator\">, <\/span><a href=\"https:\/\/wiliofragrances.se\/produktetikett\/rum\/\" rel=\"tag\">Room<\/a><span class=\"wp-block-post-terms__separator\">, <\/span><a href=\"https:\/\/wiliofragrances.se\/produktetikett\/saffron\/\" rel=\"tag\">Saffron<\/a><span class=\"wp-block-post-terms__separator\">, <\/span><a href=\"https:\/\/wiliofragrances.se\/produktetikett\/suede\/\" rel=\"tag\">Suede<\/a><span class=\"wp-block-post-terms__separator\">, <\/span><a href=\"https:\/\/wiliofragrances.se\/produktetikett\/tobacco\/\" rel=\"tag\">Tobacco<\/a><span class=\"wp-block-post-terms__separator\">, <\/span><a href=\"https:\/\/wiliofragrances.se\/produktetikett\/violet\/\" rel=\"tag\">Violet<\/a><\/div>\n<\/div>\n<\/div>","protected":false},"featured_media":3145,"comment_status":"open","ping_status":"closed","template":"","meta":{"_uag_custom_page_level_css":"","site-sidebar-layout":"default","site-content-layout":"","ast-site-content-layout":"default","site-content-style":"default","site-sidebar-style":"default","ast-global-header-display":"","ast-banner-title-visibility":"","ast-main-header-display":"","ast-hfb-above-header-display":"","ast-hfb-below-header-display":"","ast-hfb-mobile-header-display":"","site-post-title":"","ast-breadcrumbs-content":"","ast-featured-img":"","footer-sml-layout":"","ast-disable-related-posts":"","theme-transparent-header-meta":"default","adv-header-id-meta":"","stick-header-meta":"","header-above-stick-meta":"","header-main-stick-meta":"","header-below-stick-meta":"","astra-migrate-meta-layouts":"set","ast-page-background-enabled":"default","ast-page-background-meta":{"desktop":{"background-color":"","background-image":"","background-repeat":"repeat","background-position":"center center","background-size":"auto","background-attachment":"scroll","background-type":"","background-media":"","overlay-type":"","overlay-color":"","overlay-opacity":"","overlay-gradient":""},"tablet":{"background-color":"","background-image":"","background-repeat":"repeat","background-position":"center center","background-size":"auto","background-attachment":"scroll","background-type":"","background-media":"","overlay-type":"","overlay-color":"","overlay-opacity":"","overlay-gradient":""},"mobile":{"background-color":"","background-image":"","background-repeat":"repeat","background-position":"center center","background-size":"auto","background-attachment":"scroll","background-type":"","background-media":"","overlay-type":"","overlay-color":"","overlay-opacity":"","overlay-gradient":""}},"ast-content-background-meta":{"desktop":{"background-color":"var(--ast-global-color-5)","background-image":"","background-repeat":"repeat","background-position":"center center","background-size":"auto","background-attachment":"scroll","background-type":"","background-media":"","overlay-type":"","overlay-color":"","overlay-opacity":"","overlay-gradient":""},"tablet":{"background-color":"var(--ast-global-color-5)","background-image":"","background-repeat":"repeat","background-position":"center center","background-size":"auto","background-attachment":"scroll","background-type":"","background-media":"","overlay-type":"","overlay-color":"","overlay-opacity":"","overlay-gradient":""},"mobile":{"background-color":"var(--ast-global-color-5)","background-image":"","background-repeat":"repeat","background-position":"center center","background-size":"auto","background-attachment":"scroll","background-type":"","background-media":"","overlay-type":"","overlay-color":"","overlay-opacity":"","overlay-gradient":""}}},"product_brand":[],"product_cat":[65,61],"product_tag":[],"class_list":{"0":"post-3144","1":"product","2":"type-product","3":"status-publish","4":"has-post-thumbnail","6":"product_cat-unisex-parfymer","7":"product_cat-willio-fragrances","8":"product_shipping_class-willio-fragrances","9":"desktop-align-left","10":"tablet-align-left","11":"mobile-align-left","13":"first","14":"instock","15":"taxable","16":"shipping-taxable","17":"purchasable","18":"product-type-simple"},"aioseo_notices":[],"uagb_featured_image_src":{"full":["https:\/\/ecojewelry.se\/wp-content\/uploads\/2025\/05\/V14F-576x720-1.png",576,720,false],"thumbnail":["https:\/\/ecojewelry.se\/wp-content\/uploads\/2025\/05\/V14F-576x720-1-150x150.png",150,150,true],"medium":["https:\/\/ecojewelry.se\/wp-content\/uploads\/2025\/05\/V14F-576x720-1-240x300.png",240,300,true],"medium_large":["https:\/\/ecojewelry.se\/wp-content\/uploads\/2025\/05\/V14F-576x720-1.png",576,720,false],"large":["https:\/\/ecojewelry.se\/wp-content\/uploads\/2025\/05\/V14F-576x720-1.png",576,720,false],"1536x1536":["https:\/\/ecojewelry.se\/wp-content\/uploads\/2025\/05\/V14F-576x720-1.png",576,720,false],"2048x2048":["https:\/\/ecojewelry.se\/wp-content\/uploads\/2025\/05\/V14F-576x720-1.png",576,720,false],"trp-custom-language-flag":["https:\/\/ecojewelry.se\/wp-content\/uploads\/2025\/05\/V14F-576x720-1.png",10,12,false],"mailpoet_newsletter_max":["https:\/\/ecojewelry.se\/wp-content\/uploads\/2025\/05\/V14F-576x720-1.png",576,720,false],"woocommerce_thumbnail":["https:\/\/ecojewelry.se\/wp-content\/uploads\/2025\/05\/V14F-576x720-1-300x300.png",300,300,true],"woocommerce_single":["https:\/\/ecojewelry.se\/wp-content\/uploads\/2025\/05\/V14F-576x720-1.png",576,720,false],"woocommerce_gallery_thumbnail":["https:\/\/ecojewelry.se\/wp-content\/uploads\/2025\/05\/V14F-576x720-1-100x100.png",100,100,true]},"uagb_author_info":{"display_name":"sabahkarboug","author_link":"https:\/\/ecojewelry.se\/en\/author\/"},"uagb_comment_info":0,"uagb_excerpt":"V14F\u00a0\u00c4r en doft som symboliserar kraft och passion. Den f\u00e5ngar essensen av en person som \u00e4r or\u00e4dd, magnetisk och full av sj\u00e4lvs\u00e4kerhet. Vanilj st\u00e5r i centrum, men den \u00e4r omgiven av komplexa och dj\u00e4rva noter som g\u00f6r doften b\u00e5de dynamisk och of\u00f6rgl\u00f6mlig. &nbsp; V14F\u00a0\u00e4r en m\u00e5ngsidig doft som fungerar b\u00e4st under kyligare dagar eller p\u00e5&hellip;","jetpack_sharing_enabled":true,"_links":{"self":[{"href":"https:\/\/ecojewelry.se\/en\/wp-json\/wp\/v2\/product\/3144","targetHints":{"allow":["GET"]}}],"collection":[{"href":"https:\/\/ecojewelry.se\/en\/wp-json\/wp\/v2\/product"}],"about":[{"href":"https:\/\/ecojewelry.se\/en\/wp-json\/wp\/v2\/types\/product"}],"replies":[{"embeddable":true,"href":"https:\/\/ecojewelry.se\/en\/wp-json\/wp\/v2\/comments?post=3144"}],"wp:featuredmedia":[{"embeddable":true,"href":"https:\/\/ecojewelry.se\/en\/wp-json\/wp\/v2\/media\/3145"}],"wp:attachment":[{"href":"https:\/\/ecojewelry.se\/en\/wp-json\/wp\/v2\/media?parent=3144"}],"wp:term":[{"taxonomy":"product_brand","embeddable":true,"href":"https:\/\/ecojewelry.se\/en\/wp-json\/wp\/v2\/product_brand?post=3144"},{"taxonomy":"product_cat","embeddable":true,"href":"https:\/\/ecojewelry.se\/en\/wp-json\/wp\/v2\/product_cat?post=3144"},{"taxonomy":"product_tag","embeddable":true,"href":"https:\/\/ecojewelry.se\/en\/wp-json\/wp\/v2\/product_tag?post=3144"}],"curies":[{"name":"wp","href":"https:\/\/api.w.org\/{rel}","templated":true}]}}