{"id":3134,"date":"2025-05-07T08:43:26","date_gmt":"2025-05-07T06:43:26","guid":{"rendered":"https:\/\/ecojewelry.se\/?post_type=product&#038;p=3134"},"modified":"2025-10-09T13:02:59","modified_gmt":"2025-10-09T11:02:59","slug":"inspirerad-av-prada-paradoxe","status":"publish","type":"product","link":"https:\/\/ecojewelry.se\/en\/product\/inspirerad-av-prada-paradoxe\/","title":{"rendered":"Inspired by: Prada Paradoxe"},"content":{"rendered":"<div class=\"wp-block-woocommerce-product-details alignwide is-style-minimal\" data-block-name=\"woocommerce\/product-details\" data-hide-tab-title=\"true\" data-style=\"{&quot;spacing&quot;:{&quot;margin&quot;:{&quot;top&quot;:&quot;0&quot;,&quot;bottom&quot;:&quot;0&quot;}}}\">\n<div>\n<div class=\"woocommerce-tabs wc-tabs-wrapper\">\n<div id=\"tab-description\" class=\"woocommerce-Tabs-panel woocommerce-Tabs-panel--description panel entry-content wc-tab\" role=\"tabpanel\" aria-labelledby=\"tab-title-description\">\n<p><strong>28PP\u00a0<\/strong>A floral and amber-inspired fragrance that embraces the magic of opposites to create new and captivating olfactory experiences. This perfume is a celebration of the vision of femininity in all its forms \u2013 an endless exploration of the versatility and expressiveness of the soul.<span id=\"more-1023\"><\/span><\/p>\n<p>&nbsp;<\/p>\n<p><strong>Volume: 50 ml<\/strong><\/p>\n<p>&nbsp;<\/p>\n<\/div>\n<\/div>\n<\/div>\n<\/div>\n<div class=\"wp-block-woocommerce-product-meta\" data-block-name=\"woocommerce\/product-meta\">\n<div class=\"wp-block-group is-vertical is-nowrap is-layout-flex wp-container-core-group-is-layout-1 wp-block-group-is-layout-flex\">\n<div class=\"taxonomy-product_tag wp-block-post-terms\"><\/div>\n<\/div>\n<\/div>","protected":false},"excerpt":{"rendered":"<div class=\"wp-block-woocommerce-product-details alignwide is-style-minimal\" data-block-name=\"woocommerce\/product-details\" data-hide-tab-title=\"true\" data-style=\"{&quot;spacing&quot;:{&quot;margin&quot;:{&quot;top&quot;:&quot;0&quot;,&quot;bottom&quot;:&quot;0&quot;}}}\">\n<div>\n<div class=\"woocommerce-tabs wc-tabs-wrapper\">\n<div id=\"tab-description\" class=\"woocommerce-Tabs-panel woocommerce-Tabs-panel--description panel entry-content wc-tab\" role=\"tabpanel\" aria-labelledby=\"tab-title-description\">\n<p><strong>28PP\u00a0<\/strong>A floral and amber-inspired fragrance that embraces the magic of opposites to create new and captivating olfactory experiences. This perfume is a celebration of the vision of femininity in all its forms \u2013 an endless exploration of the versatility and expressiveness of the soul.<span id=\"more-1023\"><\/span><\/p>\n<p>&nbsp;<\/p>\n<p><strong>Volume: 50 ml<\/strong><\/p>\n<p>&nbsp;<\/p>\n<p><strong>Inspired by:\u00a0<\/strong>Prada Paradox<\/p>\n<\/div>\n<\/div>\n<\/div>\n<\/div>\n<div class=\"wp-block-woocommerce-product-meta\" data-block-name=\"woocommerce\/product-meta\">\n<div class=\"wp-block-group is-vertical is-nowrap is-layout-flex wp-container-core-group-is-layout-1 wp-block-group-is-layout-flex\">\n<div class=\"wc-block-components-product-sku wc-block-grid__product-sku wp-block-woocommerce-product-sku product_meta wp-block-post-terms\" style=\"box-sizing: border-box; display: block; overflow-wrap: break-word; margin: 0px;\" data-block-name=\"woocommerce\/product-sku\" data-is-descendent-of-single-product-template=\"true\" data-prefix=\"&lt;strong&gt;Artikel nr:&lt;\/strong&gt;\"><span class=\"wp-block-post-terms__prefix\"><strong>Article no.:<\/strong><\/span>\u00a0<span class=\"sku\">1028PP<\/span><\/div>\n<div class=\"taxonomy-product_cat wp-block-post-terms\"><span class=\"wp-block-post-terms__prefix\"><strong>Category:\u00a0<\/strong><\/span><a href=\"https:\/\/wiliofragrances.se\/produkt-kategori\/alla-parfymer\/damparfymer\/\" rel=\"tag\">Women&#039;s perfumes<\/a><\/div>\n<div class=\"taxonomy-product_tag wp-block-post-terms\"><span class=\"wp-block-post-terms__prefix\"><strong>Ingredients:\u00a0<\/strong><\/span><a href=\"https:\/\/wiliofragrances.se\/produktetikett\/amber\/\" rel=\"tag\">Amber<\/a><span class=\"wp-block-post-terms__separator\">, <\/span><a href=\"https:\/\/wiliofragrances.se\/produktetikett\/benzoin\/\" rel=\"tag\">Benzoin<\/a><span class=\"wp-block-post-terms__separator\">, <\/span><a href=\"https:\/\/wiliofragrances.se\/produktetikett\/bergamot\/\" rel=\"tag\">Bergamot<\/a><span class=\"wp-block-post-terms__separator\">, <\/span><a href=\"https:\/\/wiliofragrances.se\/produktetikett\/bourbon-vanilla\/\" rel=\"tag\">Bourbon Vanilla<\/a><span class=\"wp-block-post-terms__separator\">, <\/span><a href=\"https:\/\/wiliofragrances.se\/produktetikett\/jasmine-sambac\/\" rel=\"tag\">Jasmine Sambac<\/a><span class=\"wp-block-post-terms__separator\">, <\/span><a href=\"https:\/\/wiliofragrances.se\/produktetikett\/neroli\/\" rel=\"tag\">Neroli<\/a><span class=\"wp-block-post-terms__separator\">, <\/span><a href=\"https:\/\/wiliofragrances.se\/produktetikett\/neroli-essence\/\" rel=\"tag\">Neroli Essence<\/a><span class=\"wp-block-post-terms__separator\">, <\/span><a href=\"https:\/\/wiliofragrances.se\/produktetikett\/orange-blossom\/\" rel=\"tag\">Orange Blossom<\/a><span class=\"wp-block-post-terms__separator\">, <\/span><a href=\"https:\/\/wiliofragrances.se\/produktetikett\/pear\/\" rel=\"tag\">Pear<\/a><span class=\"wp-block-post-terms__separator\">, <\/span><a href=\"https:\/\/wiliofragrances.se\/produktetikett\/tangerine\/\" rel=\"tag\">Tangerine<\/a><span class=\"wp-block-post-terms__separator\">, <\/span><a href=\"https:\/\/wiliofragrances.se\/produktetikett\/white-musk\/\" rel=\"tag\">White Musk<\/a><\/div>\n<\/div>\n<\/div>","protected":false},"featured_media":3135,"comment_status":"open","ping_status":"closed","template":"","meta":{"_uag_custom_page_level_css":"","site-sidebar-layout":"default","site-content-layout":"","ast-site-content-layout":"default","site-content-style":"default","site-sidebar-style":"default","ast-global-header-display":"","ast-banner-title-visibility":"","ast-main-header-display":"","ast-hfb-above-header-display":"","ast-hfb-below-header-display":"","ast-hfb-mobile-header-display":"","site-post-title":"","ast-breadcrumbs-content":"","ast-featured-img":"","footer-sml-layout":"","ast-disable-related-posts":"","theme-transparent-header-meta":"default","adv-header-id-meta":"","stick-header-meta":"","header-above-stick-meta":"","header-main-stick-meta":"","header-below-stick-meta":"","astra-migrate-meta-layouts":"set","ast-page-background-enabled":"default","ast-page-background-meta":{"desktop":{"background-color":"","background-image":"","background-repeat":"repeat","background-position":"center center","background-size":"auto","background-attachment":"scroll","background-type":"","background-media":"","overlay-type":"","overlay-color":"","overlay-opacity":"","overlay-gradient":""},"tablet":{"background-color":"","background-image":"","background-repeat":"repeat","background-position":"center center","background-size":"auto","background-attachment":"scroll","background-type":"","background-media":"","overlay-type":"","overlay-color":"","overlay-opacity":"","overlay-gradient":""},"mobile":{"background-color":"","background-image":"","background-repeat":"repeat","background-position":"center center","background-size":"auto","background-attachment":"scroll","background-type":"","background-media":"","overlay-type":"","overlay-color":"","overlay-opacity":"","overlay-gradient":""}},"ast-content-background-meta":{"desktop":{"background-color":"var(--ast-global-color-5)","background-image":"","background-repeat":"repeat","background-position":"center center","background-size":"auto","background-attachment":"scroll","background-type":"","background-media":"","overlay-type":"","overlay-color":"","overlay-opacity":"","overlay-gradient":""},"tablet":{"background-color":"var(--ast-global-color-5)","background-image":"","background-repeat":"repeat","background-position":"center center","background-size":"auto","background-attachment":"scroll","background-type":"","background-media":"","overlay-type":"","overlay-color":"","overlay-opacity":"","overlay-gradient":""},"mobile":{"background-color":"var(--ast-global-color-5)","background-image":"","background-repeat":"repeat","background-position":"center center","background-size":"auto","background-attachment":"scroll","background-type":"","background-media":"","overlay-type":"","overlay-color":"","overlay-opacity":"","overlay-gradient":""}}},"product_brand":[],"product_cat":[63,61],"product_tag":[],"class_list":{"0":"post-3134","1":"product","2":"type-product","3":"status-publish","4":"has-post-thumbnail","6":"product_cat-damparfymer-en","7":"product_cat-willio-fragrances","8":"product_shipping_class-willio-fragrances","9":"desktop-align-left","10":"tablet-align-left","11":"mobile-align-left","13":"first","14":"instock","15":"featured","16":"taxable","17":"shipping-taxable","18":"purchasable","19":"product-type-simple"},"aioseo_notices":[],"uagb_featured_image_src":{"full":["https:\/\/ecojewelry.se\/wp-content\/uploads\/2025\/05\/With-You-1080-x-1350-\u043f\u0438\u043a\u0441.-14.png",1080,1350,false],"thumbnail":["https:\/\/ecojewelry.se\/wp-content\/uploads\/2025\/05\/With-You-1080-x-1350-\u043f\u0438\u043a\u0441.-14-150x150.png",150,150,true],"medium":["https:\/\/ecojewelry.se\/wp-content\/uploads\/2025\/05\/With-You-1080-x-1350-\u043f\u0438\u043a\u0441.-14-240x300.png",240,300,true],"medium_large":["https:\/\/ecojewelry.se\/wp-content\/uploads\/2025\/05\/With-You-1080-x-1350-\u043f\u0438\u043a\u0441.-14-768x960.png",768,960,true],"large":["https:\/\/ecojewelry.se\/wp-content\/uploads\/2025\/05\/With-You-1080-x-1350-\u043f\u0438\u043a\u0441.-14-819x1024.png",819,1024,true],"1536x1536":["https:\/\/ecojewelry.se\/wp-content\/uploads\/2025\/05\/With-You-1080-x-1350-\u043f\u0438\u043a\u0441.-14.png",1080,1350,false],"2048x2048":["https:\/\/ecojewelry.se\/wp-content\/uploads\/2025\/05\/With-You-1080-x-1350-\u043f\u0438\u043a\u0441.-14.png",1080,1350,false],"trp-custom-language-flag":["https:\/\/ecojewelry.se\/wp-content\/uploads\/2025\/05\/With-You-1080-x-1350-\u043f\u0438\u043a\u0441.-14.png",10,12,false],"mailpoet_newsletter_max":["https:\/\/ecojewelry.se\/wp-content\/uploads\/2025\/05\/With-You-1080-x-1350-\u043f\u0438\u043a\u0441.-14.png",1080,1350,false],"woocommerce_thumbnail":["https:\/\/ecojewelry.se\/wp-content\/uploads\/2025\/05\/With-You-1080-x-1350-\u043f\u0438\u043a\u0441.-14-300x300.png",300,300,true],"woocommerce_single":["https:\/\/ecojewelry.se\/wp-content\/uploads\/2025\/05\/With-You-1080-x-1350-\u043f\u0438\u043a\u0441.-14-600x750.png",600,750,true],"woocommerce_gallery_thumbnail":["https:\/\/ecojewelry.se\/wp-content\/uploads\/2025\/05\/With-You-1080-x-1350-\u043f\u0438\u043a\u0441.-14-100x100.png",100,100,true]},"uagb_author_info":{"display_name":"sabahkarboug","author_link":"https:\/\/ecojewelry.se\/en\/author\/"},"uagb_comment_info":0,"uagb_excerpt":"28PP\u00a0\u00c4r en blommig och amberinspirerad doft som omfamnar motsatsernas magi f\u00f6r att skapa nya och f\u00e4ngslande doftupplevelser. Denna parfym \u00e4r en hyllning till vision av kvinnlighet i alla dess former \u2013 en o\u00e4ndlig utforskning av sj\u00e4lens m\u00e5ngsidighet och uttrycksfullhet. &nbsp; Volym: 50 ml &nbsp; Inspirerad av:\u00a0Prada Paradoxe Artikel nr:\u00a01028PP Kategori:\u00a0Damparfymer Ingredienser:\u00a0Amber, Benzoin, Bergamot, Bourbon Vanilla,&hellip;","jetpack_sharing_enabled":true,"_links":{"self":[{"href":"https:\/\/ecojewelry.se\/en\/wp-json\/wp\/v2\/product\/3134","targetHints":{"allow":["GET"]}}],"collection":[{"href":"https:\/\/ecojewelry.se\/en\/wp-json\/wp\/v2\/product"}],"about":[{"href":"https:\/\/ecojewelry.se\/en\/wp-json\/wp\/v2\/types\/product"}],"replies":[{"embeddable":true,"href":"https:\/\/ecojewelry.se\/en\/wp-json\/wp\/v2\/comments?post=3134"}],"wp:featuredmedia":[{"embeddable":true,"href":"https:\/\/ecojewelry.se\/en\/wp-json\/wp\/v2\/media\/3135"}],"wp:attachment":[{"href":"https:\/\/ecojewelry.se\/en\/wp-json\/wp\/v2\/media?parent=3134"}],"wp:term":[{"taxonomy":"product_brand","embeddable":true,"href":"https:\/\/ecojewelry.se\/en\/wp-json\/wp\/v2\/product_brand?post=3134"},{"taxonomy":"product_cat","embeddable":true,"href":"https:\/\/ecojewelry.se\/en\/wp-json\/wp\/v2\/product_cat?post=3134"},{"taxonomy":"product_tag","embeddable":true,"href":"https:\/\/ecojewelry.se\/en\/wp-json\/wp\/v2\/product_tag?post=3134"}],"curies":[{"name":"wp","href":"https:\/\/api.w.org\/{rel}","templated":true}]}}