{"id":3089,"date":"2025-04-25T09:23:47","date_gmt":"2025-04-25T07:23:47","guid":{"rendered":"https:\/\/ecojewelry.se\/?post_type=product&#038;p=3089"},"modified":"2025-10-09T13:06:21","modified_gmt":"2025-10-09T11:06:21","slug":"inspirerad-av-dior-homme-intense","status":"publish","type":"product","link":"https:\/\/ecojewelry.se\/en\/product\/inspirerad-av-dior-homme-intense\/","title":{"rendered":"Inspired by: Dior Homme Intense"},"content":{"rendered":"<p><strong>DH19\u00a0<\/strong>\u00a0is an elegant and sensual men&#039;s fragrance that exudes confidence, style and depth. It is a more concentrated and fuller version of the classic Dior Homme, perfect for evenings and special occasions.<\/p>\n<p class=\"\" data-start=\"623\" data-end=\"781\"><strong data-start=\"623\" data-end=\"645\">DH19<\/strong>\u00a0is perfect for the man who wants to wear a modern, deep and romantic scent with character \u2013 a perfume that makes an impression without having to scream.<\/p>\n<p>&nbsp;<\/p>\n<p><strong>Volume: 50 ml<\/strong><\/p>","protected":false},"excerpt":{"rendered":"<div class=\"wp-block-woocommerce-product-details alignwide is-style-minimal\" data-block-name=\"woocommerce\/product-details\" data-hide-tab-title=\"true\" data-style=\"{&quot;spacing&quot;:{&quot;margin&quot;:{&quot;top&quot;:&quot;0&quot;,&quot;bottom&quot;:&quot;0&quot;}}}\">\n<div>\n<div class=\"woocommerce-tabs wc-tabs-wrapper\">\n<div id=\"tab-description\" class=\"woocommerce-Tabs-panel woocommerce-Tabs-panel--description panel entry-content wc-tab\" role=\"tabpanel\" aria-labelledby=\"tab-title-description\">\n<p><strong>DH19\u00a0<\/strong>\u00a0is an elegant and sensual men&#039;s fragrance that exudes confidence, style and depth. It is a more concentrated and fuller version of the classic Dior Homme, perfect for evenings and special occasions.<\/p>\n<p>&nbsp;<\/p>\n<p class=\"\" data-start=\"623\" data-end=\"781\"><strong data-start=\"623\" data-end=\"645\">DH19<\/strong>\u00a0is perfect for the man who wants to wear a modern, deep and romantic scent with character \u2013 a perfume that makes an impression without having to scream.<\/p>\n<p>&nbsp;<\/p>\n<p><strong>Volume: 50 ml<\/strong><\/p>\n<p>&nbsp;<\/p>\n<p><strong>Inspired by:\u00a0<\/strong>Dior Homme Intense<\/p>\n<\/div>\n<\/div>\n<\/div>\n<\/div>\n<div class=\"wp-block-woocommerce-product-meta\" data-block-name=\"woocommerce\/product-meta\">\n<div class=\"wp-block-group is-vertical is-nowrap is-layout-flex wp-container-core-group-is-layout-1 wp-block-group-is-layout-flex\">\n<div class=\"wc-block-components-product-sku wc-block-grid__product-sku wp-block-woocommerce-product-sku product_meta wp-block-post-terms\" style=\"box-sizing: border-box; display: block; overflow-wrap: break-word; margin: 0px;\" data-block-name=\"woocommerce\/product-sku\" data-is-descendent-of-single-product-template=\"true\" data-prefix=\"&lt;strong&gt;Artikel nr:&lt;\/strong&gt;\"><span class=\"wp-block-post-terms__prefix\"><strong>Article no.:<\/strong><\/span>\u00a0<span class=\"sku\">10DH19<\/span><\/div>\n<div class=\"taxonomy-product_cat wp-block-post-terms\"><span class=\"wp-block-post-terms__prefix\"><strong>Category:\u00a0<\/strong><\/span><a href=\"https:\/\/wiliofragrances.se\/produkt-kategori\/alla-parfymer\/herrparfymer\/\" rel=\"tag\">Men&#039;s perfumes<\/a><\/div>\n<div class=\"taxonomy-product_tag wp-block-post-terms\"><span class=\"wp-block-post-terms__prefix\"><strong>Ingredients:\u00a0<\/strong><\/span><a href=\"https:\/\/wiliofragrances.se\/produktetikett\/ambrette-musk-mallow\/\" rel=\"tag\">Ambrette (Musk Mallow)<\/a><span class=\"wp-block-post-terms__separator\">, <\/span><a href=\"https:\/\/wiliofragrances.se\/produktetikett\/iris\/\" rel=\"tag\">Iris<\/a><span class=\"wp-block-post-terms__separator\">, <\/span><a href=\"https:\/\/wiliofragrances.se\/produktetikett\/lavender\/\" rel=\"tag\">Lavender<\/a><span class=\"wp-block-post-terms__separator\">, <\/span><a href=\"https:\/\/wiliofragrances.se\/produktetikett\/pear\/\" rel=\"tag\">Pear<\/a><span class=\"wp-block-post-terms__separator\">, <\/span><a href=\"https:\/\/wiliofragrances.se\/produktetikett\/vetiver\/\" rel=\"tag\">Vetiver<\/a><span class=\"wp-block-post-terms__separator\">, <\/span><a href=\"https:\/\/wiliofragrances.se\/produktetikett\/virginia-cedar\/\" rel=\"tag\">Virginia Cedar<\/a><\/div>\n<\/div>\n<\/div>","protected":false},"featured_media":3090,"comment_status":"open","ping_status":"closed","template":"","meta":{"_uag_custom_page_level_css":"","site-sidebar-layout":"default","site-content-layout":"","ast-site-content-layout":"default","site-content-style":"default","site-sidebar-style":"default","ast-global-header-display":"","ast-banner-title-visibility":"","ast-main-header-display":"","ast-hfb-above-header-display":"","ast-hfb-below-header-display":"","ast-hfb-mobile-header-display":"","site-post-title":"","ast-breadcrumbs-content":"","ast-featured-img":"","footer-sml-layout":"","ast-disable-related-posts":"","theme-transparent-header-meta":"default","adv-header-id-meta":"","stick-header-meta":"","header-above-stick-meta":"","header-main-stick-meta":"","header-below-stick-meta":"","astra-migrate-meta-layouts":"set","ast-page-background-enabled":"default","ast-page-background-meta":{"desktop":{"background-color":"","background-image":"","background-repeat":"repeat","background-position":"center center","background-size":"auto","background-attachment":"scroll","background-type":"","background-media":"","overlay-type":"","overlay-color":"","overlay-opacity":"","overlay-gradient":""},"tablet":{"background-color":"","background-image":"","background-repeat":"repeat","background-position":"center center","background-size":"auto","background-attachment":"scroll","background-type":"","background-media":"","overlay-type":"","overlay-color":"","overlay-opacity":"","overlay-gradient":""},"mobile":{"background-color":"","background-image":"","background-repeat":"repeat","background-position":"center center","background-size":"auto","background-attachment":"scroll","background-type":"","background-media":"","overlay-type":"","overlay-color":"","overlay-opacity":"","overlay-gradient":""}},"ast-content-background-meta":{"desktop":{"background-color":"var(--ast-global-color-5)","background-image":"","background-repeat":"repeat","background-position":"center center","background-size":"auto","background-attachment":"scroll","background-type":"","background-media":"","overlay-type":"","overlay-color":"","overlay-opacity":"","overlay-gradient":""},"tablet":{"background-color":"var(--ast-global-color-5)","background-image":"","background-repeat":"repeat","background-position":"center center","background-size":"auto","background-attachment":"scroll","background-type":"","background-media":"","overlay-type":"","overlay-color":"","overlay-opacity":"","overlay-gradient":""},"mobile":{"background-color":"var(--ast-global-color-5)","background-image":"","background-repeat":"repeat","background-position":"center center","background-size":"auto","background-attachment":"scroll","background-type":"","background-media":"","overlay-type":"","overlay-color":"","overlay-opacity":"","overlay-gradient":""}}},"product_brand":[],"product_cat":[64,61],"product_tag":[],"class_list":{"0":"post-3089","1":"product","2":"type-product","3":"status-publish","4":"has-post-thumbnail","6":"product_cat-herrparfymer","7":"product_cat-willio-fragrances","8":"product_shipping_class-willio-fragrances","9":"desktop-align-left","10":"tablet-align-left","11":"mobile-align-left","13":"first","14":"instock","15":"taxable","16":"shipping-taxable","17":"purchasable","18":"product-type-simple"},"aioseo_notices":[],"uagb_featured_image_src":{"full":["https:\/\/ecojewelry.se\/wp-content\/uploads\/2025\/04\/With-You-1080-x-1350-\u043f\u0438\u043a\u0441.5.png",1080,1350,false],"thumbnail":["https:\/\/ecojewelry.se\/wp-content\/uploads\/2025\/04\/With-You-1080-x-1350-\u043f\u0438\u043a\u0441.5-150x150.png",150,150,true],"medium":["https:\/\/ecojewelry.se\/wp-content\/uploads\/2025\/04\/With-You-1080-x-1350-\u043f\u0438\u043a\u0441.5-240x300.png",240,300,true],"medium_large":["https:\/\/ecojewelry.se\/wp-content\/uploads\/2025\/04\/With-You-1080-x-1350-\u043f\u0438\u043a\u0441.5-768x960.png",768,960,true],"large":["https:\/\/ecojewelry.se\/wp-content\/uploads\/2025\/04\/With-You-1080-x-1350-\u043f\u0438\u043a\u0441.5-819x1024.png",819,1024,true],"1536x1536":["https:\/\/ecojewelry.se\/wp-content\/uploads\/2025\/04\/With-You-1080-x-1350-\u043f\u0438\u043a\u0441.5.png",1080,1350,false],"2048x2048":["https:\/\/ecojewelry.se\/wp-content\/uploads\/2025\/04\/With-You-1080-x-1350-\u043f\u0438\u043a\u0441.5.png",1080,1350,false],"trp-custom-language-flag":["https:\/\/ecojewelry.se\/wp-content\/uploads\/2025\/04\/With-You-1080-x-1350-\u043f\u0438\u043a\u0441.5.png",10,12,false],"mailpoet_newsletter_max":["https:\/\/ecojewelry.se\/wp-content\/uploads\/2025\/04\/With-You-1080-x-1350-\u043f\u0438\u043a\u0441.5.png",1080,1350,false],"woocommerce_thumbnail":["https:\/\/ecojewelry.se\/wp-content\/uploads\/2025\/04\/With-You-1080-x-1350-\u043f\u0438\u043a\u0441.5-300x300.png",300,300,true],"woocommerce_single":["https:\/\/ecojewelry.se\/wp-content\/uploads\/2025\/04\/With-You-1080-x-1350-\u043f\u0438\u043a\u0441.5-600x750.png",600,750,true],"woocommerce_gallery_thumbnail":["https:\/\/ecojewelry.se\/wp-content\/uploads\/2025\/04\/With-You-1080-x-1350-\u043f\u0438\u043a\u0441.5-100x100.png",100,100,true]},"uagb_author_info":{"display_name":"sabahkarboug","author_link":"https:\/\/ecojewelry.se\/en\/author\/"},"uagb_comment_info":0,"uagb_excerpt":"DH19\u00a0\u00a0\u00e4r en elegant och sensuell herrdoft som utstr\u00e5lar sj\u00e4lvs\u00e4kerhet, stil och djup. Den \u00e4r en mer koncentrerad och fylligare version av den klassiska Dior Homme, perfekt f\u00f6r kv\u00e4llar och speciella tillf\u00e4llen. &nbsp; DH19\u00a0\u00e4r perfekt f\u00f6r mannen som vill b\u00e4ra en modern, djup och romantisk doft med karakt\u00e4r \u2013 en parfym som g\u00f6r intryck utan att&hellip;","jetpack_sharing_enabled":true,"_links":{"self":[{"href":"https:\/\/ecojewelry.se\/en\/wp-json\/wp\/v2\/product\/3089","targetHints":{"allow":["GET"]}}],"collection":[{"href":"https:\/\/ecojewelry.se\/en\/wp-json\/wp\/v2\/product"}],"about":[{"href":"https:\/\/ecojewelry.se\/en\/wp-json\/wp\/v2\/types\/product"}],"replies":[{"embeddable":true,"href":"https:\/\/ecojewelry.se\/en\/wp-json\/wp\/v2\/comments?post=3089"}],"wp:featuredmedia":[{"embeddable":true,"href":"https:\/\/ecojewelry.se\/en\/wp-json\/wp\/v2\/media\/3090"}],"wp:attachment":[{"href":"https:\/\/ecojewelry.se\/en\/wp-json\/wp\/v2\/media?parent=3089"}],"wp:term":[{"taxonomy":"product_brand","embeddable":true,"href":"https:\/\/ecojewelry.se\/en\/wp-json\/wp\/v2\/product_brand?post=3089"},{"taxonomy":"product_cat","embeddable":true,"href":"https:\/\/ecojewelry.se\/en\/wp-json\/wp\/v2\/product_cat?post=3089"},{"taxonomy":"product_tag","embeddable":true,"href":"https:\/\/ecojewelry.se\/en\/wp-json\/wp\/v2\/product_tag?post=3089"}],"curies":[{"name":"wp","href":"https:\/\/api.w.org\/{rel}","templated":true}]}}