{"id":3087,"date":"2025-04-25T09:13:23","date_gmt":"2025-04-25T07:13:23","guid":{"rendered":"https:\/\/ecojewelry.se\/?post_type=product&#038;p=3087"},"modified":"2025-10-09T13:06:32","modified_gmt":"2025-10-09T11:06:32","slug":"inspirerad-av-gucci-bloom","status":"publish","type":"product","link":"https:\/\/ecojewelry.se\/en\/product\/inspirerad-av-gucci-bloom\/","title":{"rendered":"Inspired by: Gucci Bloom"},"content":{"rendered":"<p><b>07BL<\/b>\u00a0 is a rich and elegant floral fragrance that captures the essence of a lush garden in full bloom. It is created to celebrate femininity, the freedom to be yourself and to flourish at your own pace.<\/p>\n<p><strong>07BL<\/strong>\u00a0is perfect for those who love classic, feminine scents with a modern twist \u2013 a scent that makes you feel both romantic and confident.<\/p>\n<p><strong>Volume: 50 ml<\/strong><\/p>","protected":false},"excerpt":{"rendered":"<div class=\"wp-block-woocommerce-product-details alignwide is-style-minimal\" data-block-name=\"woocommerce\/product-details\" data-hide-tab-title=\"true\" data-style=\"{&quot;spacing&quot;:{&quot;margin&quot;:{&quot;top&quot;:&quot;0&quot;,&quot;bottom&quot;:&quot;0&quot;}}}\">\n<div>\n<div class=\"woocommerce-tabs wc-tabs-wrapper\">\n<div id=\"tab-description\" class=\"woocommerce-Tabs-panel woocommerce-Tabs-panel--description panel entry-content wc-tab\" role=\"tabpanel\" aria-labelledby=\"tab-title-description\">\n<p><b>07BL<\/b>\u00a0 is a rich and elegant floral fragrance that captures the essence of a lush garden in full bloom. It is created to celebrate femininity, the freedom to be yourself and to flourish at your own pace.\u00a0<strong>07BL<\/strong>\u00a0is perfect for those who love classic, feminine scents with a modern twist \u2013 a scent that makes you feel both romantic and confident.<\/p>\n<p>&nbsp;<\/p>\n<p><strong>Volume: 50 ml<\/strong><\/p>\n<p>&nbsp;<\/p>\n<p><strong>Inspired by:\u00a0<\/strong>Gucci Bloom<\/p>\n<\/div>\n<\/div>\n<\/div>\n<\/div>\n<div class=\"wp-block-woocommerce-product-meta\" data-block-name=\"woocommerce\/product-meta\">\n<div class=\"wp-block-group is-vertical is-nowrap is-layout-flex wp-container-core-group-is-layout-1 wp-block-group-is-layout-flex\">\n<div class=\"wc-block-components-product-sku wc-block-grid__product-sku wp-block-woocommerce-product-sku product_meta wp-block-post-terms\" style=\"box-sizing: border-box; display: block; overflow-wrap: break-word; margin: 0px;\" data-block-name=\"woocommerce\/product-sku\" data-is-descendent-of-single-product-template=\"true\" data-prefix=\"&lt;strong&gt;Artikel nr:&lt;\/strong&gt;\"><span class=\"wp-block-post-terms__prefix\"><strong>Article no.:<\/strong><\/span>\u00a0<span class=\"sku\">1007BL<\/span><\/div>\n<div class=\"taxonomy-product_cat wp-block-post-terms\"><span class=\"wp-block-post-terms__prefix\"><strong>Category:\u00a0<\/strong><\/span><a href=\"https:\/\/wiliofragrances.se\/produkt-kategori\/alla-parfymer\/damparfymer\/\" rel=\"tag\">Women&#039;s perfumes<\/a><\/div>\n<div class=\"taxonomy-product_tag wp-block-post-terms\"><span class=\"wp-block-post-terms__prefix\"><strong>Ingredients:\u00a0<\/strong><\/span><a href=\"https:\/\/wiliofragrances.se\/produktetikett\/jasmine\/\" rel=\"tag\">Jasmine<\/a><span class=\"wp-block-post-terms__separator\">, <\/span><a href=\"https:\/\/wiliofragrances.se\/produktetikett\/rangoon-creeper\/\" rel=\"tag\">Rangoon Creeper.<\/a><span class=\"wp-block-post-terms__separator\">, <\/span><a href=\"https:\/\/wiliofragrances.se\/produktetikett\/tuberose\/\" rel=\"tag\">Tuberose<\/a><\/div>\n<\/div>\n<\/div>","protected":false},"featured_media":3088,"comment_status":"open","ping_status":"closed","template":"","meta":{"_uag_custom_page_level_css":"","site-sidebar-layout":"default","site-content-layout":"","ast-site-content-layout":"default","site-content-style":"default","site-sidebar-style":"default","ast-global-header-display":"","ast-banner-title-visibility":"","ast-main-header-display":"","ast-hfb-above-header-display":"","ast-hfb-below-header-display":"","ast-hfb-mobile-header-display":"","site-post-title":"","ast-breadcrumbs-content":"","ast-featured-img":"","footer-sml-layout":"","ast-disable-related-posts":"","theme-transparent-header-meta":"default","adv-header-id-meta":"","stick-header-meta":"","header-above-stick-meta":"","header-main-stick-meta":"","header-below-stick-meta":"","astra-migrate-meta-layouts":"set","ast-page-background-enabled":"default","ast-page-background-meta":{"desktop":{"background-color":"","background-image":"","background-repeat":"repeat","background-position":"center center","background-size":"auto","background-attachment":"scroll","background-type":"","background-media":"","overlay-type":"","overlay-color":"","overlay-opacity":"","overlay-gradient":""},"tablet":{"background-color":"","background-image":"","background-repeat":"repeat","background-position":"center center","background-size":"auto","background-attachment":"scroll","background-type":"","background-media":"","overlay-type":"","overlay-color":"","overlay-opacity":"","overlay-gradient":""},"mobile":{"background-color":"","background-image":"","background-repeat":"repeat","background-position":"center center","background-size":"auto","background-attachment":"scroll","background-type":"","background-media":"","overlay-type":"","overlay-color":"","overlay-opacity":"","overlay-gradient":""}},"ast-content-background-meta":{"desktop":{"background-color":"var(--ast-global-color-5)","background-image":"","background-repeat":"repeat","background-position":"center center","background-size":"auto","background-attachment":"scroll","background-type":"","background-media":"","overlay-type":"","overlay-color":"","overlay-opacity":"","overlay-gradient":""},"tablet":{"background-color":"var(--ast-global-color-5)","background-image":"","background-repeat":"repeat","background-position":"center center","background-size":"auto","background-attachment":"scroll","background-type":"","background-media":"","overlay-type":"","overlay-color":"","overlay-opacity":"","overlay-gradient":""},"mobile":{"background-color":"var(--ast-global-color-5)","background-image":"","background-repeat":"repeat","background-position":"center center","background-size":"auto","background-attachment":"scroll","background-type":"","background-media":"","overlay-type":"","overlay-color":"","overlay-opacity":"","overlay-gradient":""}}},"product_brand":[],"product_cat":[63,61],"product_tag":[],"class_list":{"0":"post-3087","1":"product","2":"type-product","3":"status-publish","4":"has-post-thumbnail","6":"product_cat-damparfymer-en","7":"product_cat-willio-fragrances","8":"product_shipping_class-willio-fragrances","9":"desktop-align-left","10":"tablet-align-left","11":"mobile-align-left","13":"first","14":"instock","15":"featured","16":"taxable","17":"shipping-taxable","18":"purchasable","19":"product-type-simple"},"aioseo_notices":[],"uagb_featured_image_src":{"full":["https:\/\/ecojewelry.se\/wp-content\/uploads\/2025\/04\/With-You-1080-x-1350-\u043f\u0438\u043a\u0441.2.png",1080,1350,false],"thumbnail":["https:\/\/ecojewelry.se\/wp-content\/uploads\/2025\/04\/With-You-1080-x-1350-\u043f\u0438\u043a\u0441.2-150x150.png",150,150,true],"medium":["https:\/\/ecojewelry.se\/wp-content\/uploads\/2025\/04\/With-You-1080-x-1350-\u043f\u0438\u043a\u0441.2-240x300.png",240,300,true],"medium_large":["https:\/\/ecojewelry.se\/wp-content\/uploads\/2025\/04\/With-You-1080-x-1350-\u043f\u0438\u043a\u0441.2-768x960.png",768,960,true],"large":["https:\/\/ecojewelry.se\/wp-content\/uploads\/2025\/04\/With-You-1080-x-1350-\u043f\u0438\u043a\u0441.2-819x1024.png",819,1024,true],"1536x1536":["https:\/\/ecojewelry.se\/wp-content\/uploads\/2025\/04\/With-You-1080-x-1350-\u043f\u0438\u043a\u0441.2.png",1080,1350,false],"2048x2048":["https:\/\/ecojewelry.se\/wp-content\/uploads\/2025\/04\/With-You-1080-x-1350-\u043f\u0438\u043a\u0441.2.png",1080,1350,false],"trp-custom-language-flag":["https:\/\/ecojewelry.se\/wp-content\/uploads\/2025\/04\/With-You-1080-x-1350-\u043f\u0438\u043a\u0441.2.png",10,12,false],"mailpoet_newsletter_max":["https:\/\/ecojewelry.se\/wp-content\/uploads\/2025\/04\/With-You-1080-x-1350-\u043f\u0438\u043a\u0441.2.png",1080,1350,false],"woocommerce_thumbnail":["https:\/\/ecojewelry.se\/wp-content\/uploads\/2025\/04\/With-You-1080-x-1350-\u043f\u0438\u043a\u0441.2-300x300.png",300,300,true],"woocommerce_single":["https:\/\/ecojewelry.se\/wp-content\/uploads\/2025\/04\/With-You-1080-x-1350-\u043f\u0438\u043a\u0441.2-600x750.png",600,750,true],"woocommerce_gallery_thumbnail":["https:\/\/ecojewelry.se\/wp-content\/uploads\/2025\/04\/With-You-1080-x-1350-\u043f\u0438\u043a\u0441.2-100x100.png",100,100,true]},"uagb_author_info":{"display_name":"sabahkarboug","author_link":"https:\/\/ecojewelry.se\/en\/author\/"},"uagb_comment_info":0,"uagb_excerpt":"07BL\u00a0 \u00e4r en rik och elegant blommig doft som f\u00e5ngar essensen av en frodig tr\u00e4dg\u00e5rd i full blom. Den \u00e4r skapad f\u00f6r att hylla kvinnligheten, friheten att vara sig sj\u00e4lv och att blomstra i sin egen takt.\u00a007BL\u00a0\u00e4r perfekt f\u00f6r den som \u00e4lskar klassiska, feminina dofter med en modern twist \u2013 en doft som f\u00e5r dig&hellip;","jetpack_sharing_enabled":true,"_links":{"self":[{"href":"https:\/\/ecojewelry.se\/en\/wp-json\/wp\/v2\/product\/3087","targetHints":{"allow":["GET"]}}],"collection":[{"href":"https:\/\/ecojewelry.se\/en\/wp-json\/wp\/v2\/product"}],"about":[{"href":"https:\/\/ecojewelry.se\/en\/wp-json\/wp\/v2\/types\/product"}],"replies":[{"embeddable":true,"href":"https:\/\/ecojewelry.se\/en\/wp-json\/wp\/v2\/comments?post=3087"}],"wp:featuredmedia":[{"embeddable":true,"href":"https:\/\/ecojewelry.se\/en\/wp-json\/wp\/v2\/media\/3088"}],"wp:attachment":[{"href":"https:\/\/ecojewelry.se\/en\/wp-json\/wp\/v2\/media?parent=3087"}],"wp:term":[{"taxonomy":"product_brand","embeddable":true,"href":"https:\/\/ecojewelry.se\/en\/wp-json\/wp\/v2\/product_brand?post=3087"},{"taxonomy":"product_cat","embeddable":true,"href":"https:\/\/ecojewelry.se\/en\/wp-json\/wp\/v2\/product_cat?post=3087"},{"taxonomy":"product_tag","embeddable":true,"href":"https:\/\/ecojewelry.se\/en\/wp-json\/wp\/v2\/product_tag?post=3087"}],"curies":[{"name":"wp","href":"https:\/\/api.w.org\/{rel}","templated":true}]}}