{"id":3017,"date":"2024-10-10T10:21:47","date_gmt":"2024-10-10T08:21:47","guid":{"rendered":"https:\/\/ecojewelry.se\/?post_type=product&#038;p=3017"},"modified":"2025-10-09T13:07:13","modified_gmt":"2025-10-09T11:07:13","slug":"halsband-med-rod-agat","status":"publish","type":"product","link":"https:\/\/ecojewelry.se\/en\/product\/halsband-med-rod-agat\/","title":{"rendered":"Necklace with red agate"},"content":{"rendered":"<h6 class=\"product-intro__head-name fsp-element\" tabindex=\"0\"><\/h6>\n<p>1 pc stainless steel gourd and red money bag pendant necklace, 18K gold plated with red agate, suitable for daily wear<\/p>\n<p>18K gold plated with red agate, suitable for daily use.<\/p>","protected":false},"excerpt":{"rendered":"<h6 class=\"product-intro__head-name fsp-element\" tabindex=\"0\">1 pc stainless steel gourd and red money bag pendant necklace, 18K gold plated with red agate, suitable for daily wear.<\/h6>","protected":false},"featured_media":3019,"comment_status":"open","ping_status":"closed","template":"","meta":{"_uag_custom_page_level_css":"","site-sidebar-layout":"default","site-content-layout":"","ast-site-content-layout":"default","site-content-style":"default","site-sidebar-style":"default","ast-global-header-display":"","ast-banner-title-visibility":"","ast-main-header-display":"","ast-hfb-above-header-display":"","ast-hfb-below-header-display":"","ast-hfb-mobile-header-display":"","site-post-title":"","ast-breadcrumbs-content":"","ast-featured-img":"","footer-sml-layout":"","ast-disable-related-posts":"","theme-transparent-header-meta":"default","adv-header-id-meta":"","stick-header-meta":"","header-above-stick-meta":"","header-main-stick-meta":"","header-below-stick-meta":"","astra-migrate-meta-layouts":"set","ast-page-background-enabled":"default","ast-page-background-meta":{"desktop":{"background-color":"","background-image":"","background-repeat":"repeat","background-position":"center center","background-size":"auto","background-attachment":"scroll","background-type":"","background-media":"","overlay-type":"","overlay-color":"","overlay-opacity":"","overlay-gradient":""},"tablet":{"background-color":"","background-image":"","background-repeat":"repeat","background-position":"center center","background-size":"auto","background-attachment":"scroll","background-type":"","background-media":"","overlay-type":"","overlay-color":"","overlay-opacity":"","overlay-gradient":""},"mobile":{"background-color":"","background-image":"","background-repeat":"repeat","background-position":"center center","background-size":"auto","background-attachment":"scroll","background-type":"","background-media":"","overlay-type":"","overlay-color":"","overlay-opacity":"","overlay-gradient":""}},"ast-content-background-meta":{"desktop":{"background-color":"var(--ast-global-color-5)","background-image":"","background-repeat":"repeat","background-position":"center center","background-size":"auto","background-attachment":"scroll","background-type":"","background-media":"","overlay-type":"","overlay-color":"","overlay-opacity":"","overlay-gradient":""},"tablet":{"background-color":"var(--ast-global-color-5)","background-image":"","background-repeat":"repeat","background-position":"center center","background-size":"auto","background-attachment":"scroll","background-type":"","background-media":"","overlay-type":"","overlay-color":"","overlay-opacity":"","overlay-gradient":""},"mobile":{"background-color":"var(--ast-global-color-5)","background-image":"","background-repeat":"repeat","background-position":"center center","background-size":"auto","background-attachment":"scroll","background-type":"","background-media":"","overlay-type":"","overlay-color":"","overlay-opacity":"","overlay-gradient":""}}},"product_brand":[],"product_cat":[56,58,68],"product_tag":[],"class_list":{"0":"post-3017","1":"product","2":"type-product","3":"status-publish","4":"has-post-thumbnail","6":"product_cat-naturlig-agat","7":"product_cat-platerad-guld18k","8":"product_cat-sale","9":"desktop-align-left","10":"tablet-align-left","11":"mobile-align-left","13":"first","14":"instock","15":"sale","16":"taxable","17":"shipping-taxable","18":"purchasable","19":"product-type-simple"},"aioseo_notices":[],"uagb_featured_image_src":{"full":["https:\/\/ecojewelry.se\/wp-content\/uploads\/2024\/10\/WhatsApp-Image-2024-10-10-at-10.19.03-2.jpeg",738,1600,false],"thumbnail":["https:\/\/ecojewelry.se\/wp-content\/uploads\/2024\/10\/WhatsApp-Image-2024-10-10-at-10.19.03-2-150x150.jpeg",150,150,true],"medium":["https:\/\/ecojewelry.se\/wp-content\/uploads\/2024\/10\/WhatsApp-Image-2024-10-10-at-10.19.03-2-138x300.jpeg",138,300,true],"medium_large":["https:\/\/ecojewelry.se\/wp-content\/uploads\/2024\/10\/WhatsApp-Image-2024-10-10-at-10.19.03-2.jpeg",738,1600,false],"large":["https:\/\/ecojewelry.se\/wp-content\/uploads\/2024\/10\/WhatsApp-Image-2024-10-10-at-10.19.03-2-472x1024.jpeg",472,1024,true],"1536x1536":["https:\/\/ecojewelry.se\/wp-content\/uploads\/2024\/10\/WhatsApp-Image-2024-10-10-at-10.19.03-2-708x1536.jpeg",708,1536,true],"2048x2048":["https:\/\/ecojewelry.se\/wp-content\/uploads\/2024\/10\/WhatsApp-Image-2024-10-10-at-10.19.03-2.jpeg",738,1600,false],"trp-custom-language-flag":["https:\/\/ecojewelry.se\/wp-content\/uploads\/2024\/10\/WhatsApp-Image-2024-10-10-at-10.19.03-2.jpeg",6,12,false],"mailpoet_newsletter_max":["https:\/\/ecojewelry.se\/wp-content\/uploads\/2024\/10\/WhatsApp-Image-2024-10-10-at-10.19.03-2.jpeg",738,1600,false],"woocommerce_thumbnail":["https:\/\/ecojewelry.se\/wp-content\/uploads\/2024\/10\/WhatsApp-Image-2024-10-10-at-10.19.03-2-300x300.jpeg",300,300,true],"woocommerce_single":["https:\/\/ecojewelry.se\/wp-content\/uploads\/2024\/10\/WhatsApp-Image-2024-10-10-at-10.19.03-2-600x1301.jpeg",600,1301,true],"woocommerce_gallery_thumbnail":["https:\/\/ecojewelry.se\/wp-content\/uploads\/2024\/10\/WhatsApp-Image-2024-10-10-at-10.19.03-2-100x100.jpeg",100,100,true]},"uagb_author_info":{"display_name":"sabahkarboug","author_link":"https:\/\/ecojewelry.se\/en\/author\/"},"uagb_comment_info":0,"uagb_excerpt":"1 st rostfritt st\u00e5l kalebass och r\u00f6d pengap\u00e5se h\u00e4ngande halsband, 18K guldpl\u00e4terad med r\u00f6d agat, l\u00e4mplig f\u00f6r dagligt bruk.","jetpack_sharing_enabled":true,"_links":{"self":[{"href":"https:\/\/ecojewelry.se\/en\/wp-json\/wp\/v2\/product\/3017","targetHints":{"allow":["GET"]}}],"collection":[{"href":"https:\/\/ecojewelry.se\/en\/wp-json\/wp\/v2\/product"}],"about":[{"href":"https:\/\/ecojewelry.se\/en\/wp-json\/wp\/v2\/types\/product"}],"replies":[{"embeddable":true,"href":"https:\/\/ecojewelry.se\/en\/wp-json\/wp\/v2\/comments?post=3017"}],"wp:featuredmedia":[{"embeddable":true,"href":"https:\/\/ecojewelry.se\/en\/wp-json\/wp\/v2\/media\/3019"}],"wp:attachment":[{"href":"https:\/\/ecojewelry.se\/en\/wp-json\/wp\/v2\/media?parent=3017"}],"wp:term":[{"taxonomy":"product_brand","embeddable":true,"href":"https:\/\/ecojewelry.se\/en\/wp-json\/wp\/v2\/product_brand?post=3017"},{"taxonomy":"product_cat","embeddable":true,"href":"https:\/\/ecojewelry.se\/en\/wp-json\/wp\/v2\/product_cat?post=3017"},{"taxonomy":"product_tag","embeddable":true,"href":"https:\/\/ecojewelry.se\/en\/wp-json\/wp\/v2\/product_tag?post=3017"}],"curies":[{"name":"wp","href":"https:\/\/api.w.org\/{rel}","templated":true}]}}