{"id":2952,"date":"2024-09-19T10:34:20","date_gmt":"2024-09-19T08:34:20","guid":{"rendered":"https:\/\/ecojewelry.se\/?post_type=product&#038;p=2952"},"modified":"2025-10-09T13:07:29","modified_gmt":"2025-10-09T11:07:29","slug":"sterlingsilverring","status":"publish","type":"product","link":"https:\/\/ecojewelry.se\/en\/product\/sterlingsilverring\/","title":{"rendered":"Sterling silver ring"},"content":{"rendered":"<div class=\"flex max-w-full flex-col flex-grow\">\n<div class=\"min-h-[20px] text-message flex w-full flex-col items-end gap-2 whitespace-normal break-words [.text-message+&amp;]:mt-5\" dir=\"auto\" data-message-author-role=\"assistant\" data-message-id=\"7066baf3-acbd-4110-9fc7-78d4da3fac53\">\n<div class=\"flex w-full flex-col gap-1 empty:hidden first:pt-[3px]\">\n<div class=\"markdown prose w-full break-words dark:prose-invert light\">\n<p><strong>BF CLUB Sterlingsilverring f\u00f6r kvinnor, p\u00e4rla, enkel \u00f6ppen vintage handgjord ring, allergiv\u00e4nlig, f\u00f6r fest eller f\u00f6delsedagspresent.<\/strong><\/p>\n<\/div>\n<\/div>\n<\/div>\n<\/div>\n","protected":false},"excerpt":{"rendered":"<p><strong>BF CLUB sterling silver ring for women, pearl, simple open vintage handmade ring, hypoallergenic, for party or birthday gift.<\/strong><\/p>","protected":false},"featured_media":2953,"comment_status":"open","ping_status":"closed","template":"","meta":{"_uag_custom_page_level_css":"","site-sidebar-layout":"default","site-content-layout":"","ast-site-content-layout":"default","site-content-style":"default","site-sidebar-style":"default","ast-global-header-display":"","ast-banner-title-visibility":"","ast-main-header-display":"","ast-hfb-above-header-display":"","ast-hfb-below-header-display":"","ast-hfb-mobile-header-display":"","site-post-title":"","ast-breadcrumbs-content":"","ast-featured-img":"","footer-sml-layout":"","ast-disable-related-posts":"","theme-transparent-header-meta":"default","adv-header-id-meta":"","stick-header-meta":"","header-above-stick-meta":"","header-main-stick-meta":"","header-below-stick-meta":"","astra-migrate-meta-layouts":"set","ast-page-background-enabled":"default","ast-page-background-meta":{"desktop":{"background-color":"","background-image":"","background-repeat":"repeat","background-position":"center center","background-size":"auto","background-attachment":"scroll","background-type":"","background-media":"","overlay-type":"","overlay-color":"","overlay-opacity":"","overlay-gradient":""},"tablet":{"background-color":"","background-image":"","background-repeat":"repeat","background-position":"center center","background-size":"auto","background-attachment":"scroll","background-type":"","background-media":"","overlay-type":"","overlay-color":"","overlay-opacity":"","overlay-gradient":""},"mobile":{"background-color":"","background-image":"","background-repeat":"repeat","background-position":"center center","background-size":"auto","background-attachment":"scroll","background-type":"","background-media":"","overlay-type":"","overlay-color":"","overlay-opacity":"","overlay-gradient":""}},"ast-content-background-meta":{"desktop":{"background-color":"var(--ast-global-color-5)","background-image":"","background-repeat":"repeat","background-position":"center center","background-size":"auto","background-attachment":"scroll","background-type":"","background-media":"","overlay-type":"","overlay-color":"","overlay-opacity":"","overlay-gradient":""},"tablet":{"background-color":"var(--ast-global-color-5)","background-image":"","background-repeat":"repeat","background-position":"center center","background-size":"auto","background-attachment":"scroll","background-type":"","background-media":"","overlay-type":"","overlay-color":"","overlay-opacity":"","overlay-gradient":""},"mobile":{"background-color":"var(--ast-global-color-5)","background-image":"","background-repeat":"repeat","background-position":"center center","background-size":"auto","background-attachment":"scroll","background-type":"","background-media":"","overlay-type":"","overlay-color":"","overlay-opacity":"","overlay-gradient":""}}},"product_brand":[],"product_cat":[68,54],"product_tag":[],"class_list":{"0":"post-2952","1":"product","2":"type-product","3":"status-publish","4":"has-post-thumbnail","6":"product_cat-sale","7":"product_cat-silver","8":"desktop-align-left","9":"tablet-align-left","10":"mobile-align-left","12":"first","13":"instock","14":"featured","15":"taxable","16":"shipping-taxable","17":"purchasable","18":"product-type-simple"},"aioseo_notices":[],"uagb_featured_image_src":{"full":["https:\/\/ecojewelry.se\/wp-content\/uploads\/2024\/09\/S889dbce096d34404b311e77a8ce8ba02l.webp",800,800,false],"thumbnail":["https:\/\/ecojewelry.se\/wp-content\/uploads\/2024\/09\/S889dbce096d34404b311e77a8ce8ba02l-150x150.webp",150,150,true],"medium":["https:\/\/ecojewelry.se\/wp-content\/uploads\/2024\/09\/S889dbce096d34404b311e77a8ce8ba02l-300x300.webp",300,300,true],"medium_large":["https:\/\/ecojewelry.se\/wp-content\/uploads\/2024\/09\/S889dbce096d34404b311e77a8ce8ba02l-768x768.webp",768,768,true],"large":["https:\/\/ecojewelry.se\/wp-content\/uploads\/2024\/09\/S889dbce096d34404b311e77a8ce8ba02l.webp",800,800,false],"1536x1536":["https:\/\/ecojewelry.se\/wp-content\/uploads\/2024\/09\/S889dbce096d34404b311e77a8ce8ba02l.webp",800,800,false],"2048x2048":["https:\/\/ecojewelry.se\/wp-content\/uploads\/2024\/09\/S889dbce096d34404b311e77a8ce8ba02l.webp",800,800,false],"trp-custom-language-flag":["https:\/\/ecojewelry.se\/wp-content\/uploads\/2024\/09\/S889dbce096d34404b311e77a8ce8ba02l.webp",12,12,false],"mailpoet_newsletter_max":["https:\/\/ecojewelry.se\/wp-content\/uploads\/2024\/09\/S889dbce096d34404b311e77a8ce8ba02l.webp",800,800,false],"woocommerce_thumbnail":["https:\/\/ecojewelry.se\/wp-content\/uploads\/2024\/09\/S889dbce096d34404b311e77a8ce8ba02l-300x300.webp",300,300,true],"woocommerce_single":["https:\/\/ecojewelry.se\/wp-content\/uploads\/2024\/09\/S889dbce096d34404b311e77a8ce8ba02l-600x600.webp",600,600,true],"woocommerce_gallery_thumbnail":["https:\/\/ecojewelry.se\/wp-content\/uploads\/2024\/09\/S889dbce096d34404b311e77a8ce8ba02l-100x100.webp",100,100,true]},"uagb_author_info":{"display_name":"sabahkarboug","author_link":"https:\/\/ecojewelry.se\/en\/author\/"},"uagb_comment_info":0,"uagb_excerpt":"BF CLUB sterlingsilverring f\u00f6r kvinnor, p\u00e4rla, enkel \u00f6ppen vintage handgjord ring, allergiv\u00e4nlig, f\u00f6r fest eller f\u00f6delsedagspresent.","jetpack_sharing_enabled":true,"_links":{"self":[{"href":"https:\/\/ecojewelry.se\/en\/wp-json\/wp\/v2\/product\/2952","targetHints":{"allow":["GET"]}}],"collection":[{"href":"https:\/\/ecojewelry.se\/en\/wp-json\/wp\/v2\/product"}],"about":[{"href":"https:\/\/ecojewelry.se\/en\/wp-json\/wp\/v2\/types\/product"}],"replies":[{"embeddable":true,"href":"https:\/\/ecojewelry.se\/en\/wp-json\/wp\/v2\/comments?post=2952"}],"wp:featuredmedia":[{"embeddable":true,"href":"https:\/\/ecojewelry.se\/en\/wp-json\/wp\/v2\/media\/2953"}],"wp:attachment":[{"href":"https:\/\/ecojewelry.se\/en\/wp-json\/wp\/v2\/media?parent=2952"}],"wp:term":[{"taxonomy":"product_brand","embeddable":true,"href":"https:\/\/ecojewelry.se\/en\/wp-json\/wp\/v2\/product_brand?post=2952"},{"taxonomy":"product_cat","embeddable":true,"href":"https:\/\/ecojewelry.se\/en\/wp-json\/wp\/v2\/product_cat?post=2952"},{"taxonomy":"product_tag","embeddable":true,"href":"https:\/\/ecojewelry.se\/en\/wp-json\/wp\/v2\/product_tag?post=2952"}],"curies":[{"name":"wp","href":"https:\/\/api.w.org\/{rel}","templated":true}]}}