{"id":2911,"date":"2024-09-18T10:46:52","date_gmt":"2024-09-18T08:46:52","guid":{"rendered":"https:\/\/ecojewelry.se\/?post_type=product&#038;p=2911"},"modified":"2025-10-09T13:08:08","modified_gmt":"2025-10-09T11:08:08","slug":"perisbox-18k-massivt-guld-pvd","status":"publish","type":"product","link":"https:\/\/ecojewelry.se\/en\/product\/perisbox-18k-massivt-guld-pvd\/","title":{"rendered":"Peri&#039;sbox 18K solid gold PVD"},"content":{"rendered":"<div class=\"flex max-w-full flex-col flex-grow\">\n<div class=\"min-h-[20px] text-message flex w-full flex-col items-end gap-2 whitespace-normal break-words [.text-message+&amp;]:mt-5\" dir=\"auto\" data-message-author-role=\"assistant\" data-message-id=\"4a1b41af-1248-4720-92ac-e6992ef98bb8\">\n<div class=\"flex w-full flex-col gap-1 empty:hidden first:pt-[3px]\">\n<div class=\"markdown prose w-full break-words dark:prose-invert light\">\n<p><strong>Peri&#8217;sbox 18K massivt guld PVD-pl\u00e4terad dubbelkupol \u00f6ppen ring f\u00f6r damer, 316L rostfritt st\u00e5l, icke-anl\u00f6pande stapelbara ringar, statement-smycke.<\/strong><\/p>\n<\/div>\n<\/div>\n<\/div>\n<\/div>\n","protected":false},"excerpt":{"rendered":"<p><strong>Peri&#039;sbox 18K Solid Gold PVD Plated Double Dome Open Ring for Women, 316L Stainless Steel, Non-Tainting Stackable Rings, Statement Jewelry.<\/strong><\/p>","protected":false},"featured_media":2912,"comment_status":"open","ping_status":"closed","template":"","meta":{"_uag_custom_page_level_css":"","site-sidebar-layout":"default","site-content-layout":"","ast-site-content-layout":"default","site-content-style":"default","site-sidebar-style":"default","ast-global-header-display":"","ast-banner-title-visibility":"","ast-main-header-display":"","ast-hfb-above-header-display":"","ast-hfb-below-header-display":"","ast-hfb-mobile-header-display":"","site-post-title":"","ast-breadcrumbs-content":"","ast-featured-img":"","footer-sml-layout":"","ast-disable-related-posts":"","theme-transparent-header-meta":"default","adv-header-id-meta":"","stick-header-meta":"","header-above-stick-meta":"","header-main-stick-meta":"","header-below-stick-meta":"","astra-migrate-meta-layouts":"set","ast-page-background-enabled":"default","ast-page-background-meta":{"desktop":{"background-color":"","background-image":"","background-repeat":"repeat","background-position":"center center","background-size":"auto","background-attachment":"scroll","background-type":"","background-media":"","overlay-type":"","overlay-color":"","overlay-opacity":"","overlay-gradient":""},"tablet":{"background-color":"","background-image":"","background-repeat":"repeat","background-position":"center center","background-size":"auto","background-attachment":"scroll","background-type":"","background-media":"","overlay-type":"","overlay-color":"","overlay-opacity":"","overlay-gradient":""},"mobile":{"background-color":"","background-image":"","background-repeat":"repeat","background-position":"center center","background-size":"auto","background-attachment":"scroll","background-type":"","background-media":"","overlay-type":"","overlay-color":"","overlay-opacity":"","overlay-gradient":""}},"ast-content-background-meta":{"desktop":{"background-color":"var(--ast-global-color-5)","background-image":"","background-repeat":"repeat","background-position":"center center","background-size":"auto","background-attachment":"scroll","background-type":"","background-media":"","overlay-type":"","overlay-color":"","overlay-opacity":"","overlay-gradient":""},"tablet":{"background-color":"var(--ast-global-color-5)","background-image":"","background-repeat":"repeat","background-position":"center center","background-size":"auto","background-attachment":"scroll","background-type":"","background-media":"","overlay-type":"","overlay-color":"","overlay-opacity":"","overlay-gradient":""},"mobile":{"background-color":"var(--ast-global-color-5)","background-image":"","background-repeat":"repeat","background-position":"center center","background-size":"auto","background-attachment":"scroll","background-type":"","background-media":"","overlay-type":"","overlay-color":"","overlay-opacity":"","overlay-gradient":""}}},"product_brand":[],"product_cat":[58],"product_tag":[],"class_list":{"0":"post-2911","1":"product","2":"type-product","3":"status-publish","4":"has-post-thumbnail","6":"product_cat-platerad-guld18k","7":"desktop-align-left","8":"tablet-align-left","9":"mobile-align-left","11":"first","12":"instock","13":"featured","14":"taxable","15":"shipping-taxable","16":"purchasable","17":"product-type-simple"},"aioseo_notices":[],"uagb_featured_image_src":{"full":["https:\/\/ecojewelry.se\/wp-content\/uploads\/2024\/09\/S6685ff45a23449818b4a61f2c1c579ffF.webp",960,1374,false],"thumbnail":["https:\/\/ecojewelry.se\/wp-content\/uploads\/2024\/09\/S6685ff45a23449818b4a61f2c1c579ffF-150x150.webp",150,150,true],"medium":["https:\/\/ecojewelry.se\/wp-content\/uploads\/2024\/09\/S6685ff45a23449818b4a61f2c1c579ffF-210x300.webp",210,300,true],"medium_large":["https:\/\/ecojewelry.se\/wp-content\/uploads\/2024\/09\/S6685ff45a23449818b4a61f2c1c579ffF-768x1099.webp",768,1099,true],"large":["https:\/\/ecojewelry.se\/wp-content\/uploads\/2024\/09\/S6685ff45a23449818b4a61f2c1c579ffF-715x1024.webp",715,1024,true],"1536x1536":["https:\/\/ecojewelry.se\/wp-content\/uploads\/2024\/09\/S6685ff45a23449818b4a61f2c1c579ffF.webp",960,1374,false],"2048x2048":["https:\/\/ecojewelry.se\/wp-content\/uploads\/2024\/09\/S6685ff45a23449818b4a61f2c1c579ffF.webp",960,1374,false],"trp-custom-language-flag":["https:\/\/ecojewelry.se\/wp-content\/uploads\/2024\/09\/S6685ff45a23449818b4a61f2c1c579ffF.webp",8,12,false],"mailpoet_newsletter_max":["https:\/\/ecojewelry.se\/wp-content\/uploads\/2024\/09\/S6685ff45a23449818b4a61f2c1c579ffF.webp",960,1374,false],"woocommerce_thumbnail":["https:\/\/ecojewelry.se\/wp-content\/uploads\/2024\/09\/S6685ff45a23449818b4a61f2c1c579ffF-300x300.webp",300,300,true],"woocommerce_single":["https:\/\/ecojewelry.se\/wp-content\/uploads\/2024\/09\/S6685ff45a23449818b4a61f2c1c579ffF-600x859.webp",600,859,true],"woocommerce_gallery_thumbnail":["https:\/\/ecojewelry.se\/wp-content\/uploads\/2024\/09\/S6685ff45a23449818b4a61f2c1c579ffF-100x100.webp",100,100,true]},"uagb_author_info":{"display_name":"sabahkarboug","author_link":"https:\/\/ecojewelry.se\/en\/author\/"},"uagb_comment_info":0,"uagb_excerpt":"Peri'sbox 18K massivt guld PVD-pl\u00e4terad dubbelkupol \u00f6ppen ring f\u00f6r damer, 316L rostfritt st\u00e5l, icke-anl\u00f6pande stapelbara ringar, statement-smycke.","jetpack_sharing_enabled":true,"_links":{"self":[{"href":"https:\/\/ecojewelry.se\/en\/wp-json\/wp\/v2\/product\/2911","targetHints":{"allow":["GET"]}}],"collection":[{"href":"https:\/\/ecojewelry.se\/en\/wp-json\/wp\/v2\/product"}],"about":[{"href":"https:\/\/ecojewelry.se\/en\/wp-json\/wp\/v2\/types\/product"}],"replies":[{"embeddable":true,"href":"https:\/\/ecojewelry.se\/en\/wp-json\/wp\/v2\/comments?post=2911"}],"wp:featuredmedia":[{"embeddable":true,"href":"https:\/\/ecojewelry.se\/en\/wp-json\/wp\/v2\/media\/2912"}],"wp:attachment":[{"href":"https:\/\/ecojewelry.se\/en\/wp-json\/wp\/v2\/media?parent=2911"}],"wp:term":[{"taxonomy":"product_brand","embeddable":true,"href":"https:\/\/ecojewelry.se\/en\/wp-json\/wp\/v2\/product_brand?post=2911"},{"taxonomy":"product_cat","embeddable":true,"href":"https:\/\/ecojewelry.se\/en\/wp-json\/wp\/v2\/product_cat?post=2911"},{"taxonomy":"product_tag","embeddable":true,"href":"https:\/\/ecojewelry.se\/en\/wp-json\/wp\/v2\/product_tag?post=2911"}],"curies":[{"name":"wp","href":"https:\/\/api.w.org\/{rel}","templated":true}]}}