{"id":2892,"date":"2024-09-18T10:06:50","date_gmt":"2024-09-18T08:06:50","guid":{"rendered":"https:\/\/ecojewelry.se\/?post_type=product&#038;p=2892"},"modified":"2026-04-27T12:44:58","modified_gmt":"2026-04-27T10:44:58","slug":"set","status":"publish","type":"product","link":"https:\/\/ecojewelry.se\/en\/product\/set\/","title":{"rendered":"Set of pearl fashion jewelry"},"content":{"rendered":"<div class=\"flex max-w-full flex-col flex-grow\">\n<div class=\"min-h-[20px] text-message flex w-full flex-col items-end gap-2 whitespace-normal break-words [.text-message+&amp;]:mt-5\" dir=\"auto\" data-message-author-role=\"assistant\" data-message-id=\"9bea9f1a-ff5b-4e55-8809-04c73a543550\">\n<div class=\"flex w-full flex-col gap-1 empty:hidden first:pt-[3px]\">\n<div class=\"markdown prose w-full break-words dark:prose-invert light\">\n<p><strong>\u00c4kta silvern\u00e5l, br\u00f6llopssmyckeset, p\u00e4rlmodessmycken f\u00f6r kvinnor och flickor, f\u00f6rlovning, \u00e5rsdag, fin present, grossist.<\/strong><\/p>\n<\/div>\n<\/div>\n<\/div>\n<\/div>\n","protected":false},"excerpt":{"rendered":"<p><strong>Genuine silver pin, wedding jewelry set, pearl fashion jewelry for women and girls, engagement, anniversary, nice gift, wholesale.<\/strong><\/p>","protected":false},"featured_media":3337,"comment_status":"open","ping_status":"closed","template":"","meta":{"_uag_custom_page_level_css":"","site-sidebar-layout":"default","site-content-layout":"","ast-site-content-layout":"default","site-content-style":"default","site-sidebar-style":"default","ast-global-header-display":"","ast-banner-title-visibility":"","ast-main-header-display":"","ast-hfb-above-header-display":"","ast-hfb-below-header-display":"","ast-hfb-mobile-header-display":"","site-post-title":"","ast-breadcrumbs-content":"","ast-featured-img":"","footer-sml-layout":"","ast-disable-related-posts":"","theme-transparent-header-meta":"default","adv-header-id-meta":"","stick-header-meta":"","header-above-stick-meta":"","header-main-stick-meta":"","header-below-stick-meta":"","astra-migrate-meta-layouts":"set","ast-page-background-enabled":"default","ast-page-background-meta":{"desktop":{"background-color":"","background-image":"","background-repeat":"repeat","background-position":"center center","background-size":"auto","background-attachment":"scroll","background-type":"","background-media":"","overlay-type":"","overlay-color":"","overlay-opacity":"","overlay-gradient":""},"tablet":{"background-color":"","background-image":"","background-repeat":"repeat","background-position":"center center","background-size":"auto","background-attachment":"scroll","background-type":"","background-media":"","overlay-type":"","overlay-color":"","overlay-opacity":"","overlay-gradient":""},"mobile":{"background-color":"","background-image":"","background-repeat":"repeat","background-position":"center center","background-size":"auto","background-attachment":"scroll","background-type":"","background-media":"","overlay-type":"","overlay-color":"","overlay-opacity":"","overlay-gradient":""}},"ast-content-background-meta":{"desktop":{"background-color":"var(--ast-global-color-5)","background-image":"","background-repeat":"repeat","background-position":"center center","background-size":"auto","background-attachment":"scroll","background-type":"","background-media":"","overlay-type":"","overlay-color":"","overlay-opacity":"","overlay-gradient":""},"tablet":{"background-color":"var(--ast-global-color-5)","background-image":"","background-repeat":"repeat","background-position":"center center","background-size":"auto","background-attachment":"scroll","background-type":"","background-media":"","overlay-type":"","overlay-color":"","overlay-opacity":"","overlay-gradient":""},"mobile":{"background-color":"var(--ast-global-color-5)","background-image":"","background-repeat":"repeat","background-position":"center center","background-size":"auto","background-attachment":"scroll","background-type":"","background-media":"","overlay-type":"","overlay-color":"","overlay-opacity":"","overlay-gradient":""}}},"product_brand":[],"product_cat":[60,54],"product_tag":[],"class_list":{"0":"post-2892","1":"product","2":"type-product","3":"status-publish","4":"has-post-thumbnail","6":"product_cat-full-set","7":"product_cat-silver","8":"desktop-align-left","9":"tablet-align-left","10":"mobile-align-left","12":"first","13":"instock","14":"sale","15":"featured","16":"taxable","17":"shipping-taxable","18":"purchasable","19":"product-type-simple"},"aioseo_notices":[],"uagb_featured_image_src":{"full":["https:\/\/ecojewelry.se\/wp-content\/uploads\/2024\/09\/IMG-20250915-WA0157.jpg",1806,1832,false],"thumbnail":["https:\/\/ecojewelry.se\/wp-content\/uploads\/2024\/09\/IMG-20250915-WA0157-150x150.jpg",150,150,true],"medium":["https:\/\/ecojewelry.se\/wp-content\/uploads\/2024\/09\/IMG-20250915-WA0157-296x300.jpg",296,300,true],"medium_large":["https:\/\/ecojewelry.se\/wp-content\/uploads\/2024\/09\/IMG-20250915-WA0157-768x779.jpg",768,779,true],"large":["https:\/\/ecojewelry.se\/wp-content\/uploads\/2024\/09\/IMG-20250915-WA0157-1009x1024.jpg",1009,1024,true],"1536x1536":["https:\/\/ecojewelry.se\/wp-content\/uploads\/2024\/09\/IMG-20250915-WA0157-1514x1536.jpg",1514,1536,true],"2048x2048":["https:\/\/ecojewelry.se\/wp-content\/uploads\/2024\/09\/IMG-20250915-WA0157.jpg",1806,1832,false],"trp-custom-language-flag":["https:\/\/ecojewelry.se\/wp-content\/uploads\/2024\/09\/IMG-20250915-WA0157.jpg",12,12,false],"mailpoet_newsletter_max":["https:\/\/ecojewelry.se\/wp-content\/uploads\/2024\/09\/IMG-20250915-WA0157.jpg",1320,1339,false],"woocommerce_thumbnail":["https:\/\/ecojewelry.se\/wp-content\/uploads\/2024\/09\/IMG-20250915-WA0157-300x300.jpg",300,300,true],"woocommerce_single":["https:\/\/ecojewelry.se\/wp-content\/uploads\/2024\/09\/IMG-20250915-WA0157-600x609.jpg",600,609,true],"woocommerce_gallery_thumbnail":["https:\/\/ecojewelry.se\/wp-content\/uploads\/2024\/09\/IMG-20250915-WA0157-100x100.jpg",100,100,true]},"uagb_author_info":{"display_name":"sabahkarboug","author_link":"https:\/\/ecojewelry.se\/en\/author\/"},"uagb_comment_info":0,"uagb_excerpt":"\u00c4kta silvern\u00e5l, br\u00f6llopssmyckeset, p\u00e4rlmodessmycken f\u00f6r kvinnor och flickor, f\u00f6rlovning, \u00e5rsdag, fin present, grossist.","jetpack_sharing_enabled":true,"_links":{"self":[{"href":"https:\/\/ecojewelry.se\/en\/wp-json\/wp\/v2\/product\/2892","targetHints":{"allow":["GET"]}}],"collection":[{"href":"https:\/\/ecojewelry.se\/en\/wp-json\/wp\/v2\/product"}],"about":[{"href":"https:\/\/ecojewelry.se\/en\/wp-json\/wp\/v2\/types\/product"}],"replies":[{"embeddable":true,"href":"https:\/\/ecojewelry.se\/en\/wp-json\/wp\/v2\/comments?post=2892"}],"wp:featuredmedia":[{"embeddable":true,"href":"https:\/\/ecojewelry.se\/en\/wp-json\/wp\/v2\/media\/3337"}],"wp:attachment":[{"href":"https:\/\/ecojewelry.se\/en\/wp-json\/wp\/v2\/media?parent=2892"}],"wp:term":[{"taxonomy":"product_brand","embeddable":true,"href":"https:\/\/ecojewelry.se\/en\/wp-json\/wp\/v2\/product_brand?post=2892"},{"taxonomy":"product_cat","embeddable":true,"href":"https:\/\/ecojewelry.se\/en\/wp-json\/wp\/v2\/product_cat?post=2892"},{"taxonomy":"product_tag","embeddable":true,"href":"https:\/\/ecojewelry.se\/en\/wp-json\/wp\/v2\/product_tag?post=2892"}],"curies":[{"name":"wp","href":"https:\/\/api.w.org\/{rel}","templated":true}]}}