{"id":2811,"date":"2024-09-17T11:33:03","date_gmt":"2024-09-17T09:33:03","guid":{"rendered":"https:\/\/ecojewelry.se\/?post_type=product&#038;p=2811"},"modified":"2025-10-09T13:48:01","modified_gmt":"2025-10-09T11:48:01","slug":"orhangen","status":"publish","type":"product","link":"https:\/\/ecojewelry.se\/en\/product\/orhangen\/","title":{"rendered":"Earrings"},"content":{"rendered":"<p>Genuine sterling silver earrings, teardrop shaped for women, round natural freshwater pearls, hook dangle earrings, ear drops, Brincos de Prata<\/p>","protected":false},"excerpt":{"rendered":"<p>Genuine sterling silver earrings, teardrop shaped for women<\/p>","protected":false},"featured_media":2813,"comment_status":"open","ping_status":"closed","template":"","meta":{"_uag_custom_page_level_css":"","site-sidebar-layout":"default","site-content-layout":"","ast-site-content-layout":"default","site-content-style":"default","site-sidebar-style":"default","ast-global-header-display":"","ast-banner-title-visibility":"","ast-main-header-display":"","ast-hfb-above-header-display":"","ast-hfb-below-header-display":"","ast-hfb-mobile-header-display":"","site-post-title":"","ast-breadcrumbs-content":"","ast-featured-img":"","footer-sml-layout":"","ast-disable-related-posts":"","theme-transparent-header-meta":"default","adv-header-id-meta":"","stick-header-meta":"","header-above-stick-meta":"","header-main-stick-meta":"","header-below-stick-meta":"","astra-migrate-meta-layouts":"set","ast-page-background-enabled":"default","ast-page-background-meta":{"desktop":{"background-color":"","background-image":"","background-repeat":"repeat","background-position":"center center","background-size":"auto","background-attachment":"scroll","background-type":"","background-media":"","overlay-type":"","overlay-color":"","overlay-opacity":"","overlay-gradient":""},"tablet":{"background-color":"","background-image":"","background-repeat":"repeat","background-position":"center center","background-size":"auto","background-attachment":"scroll","background-type":"","background-media":"","overlay-type":"","overlay-color":"","overlay-opacity":"","overlay-gradient":""},"mobile":{"background-color":"","background-image":"","background-repeat":"repeat","background-position":"center center","background-size":"auto","background-attachment":"scroll","background-type":"","background-media":"","overlay-type":"","overlay-color":"","overlay-opacity":"","overlay-gradient":""}},"ast-content-background-meta":{"desktop":{"background-color":"var(--ast-global-color-5)","background-image":"","background-repeat":"repeat","background-position":"center center","background-size":"auto","background-attachment":"scroll","background-type":"","background-media":"","overlay-type":"","overlay-color":"","overlay-opacity":"","overlay-gradient":""},"tablet":{"background-color":"var(--ast-global-color-5)","background-image":"","background-repeat":"repeat","background-position":"center center","background-size":"auto","background-attachment":"scroll","background-type":"","background-media":"","overlay-type":"","overlay-color":"","overlay-opacity":"","overlay-gradient":""},"mobile":{"background-color":"var(--ast-global-color-5)","background-image":"","background-repeat":"repeat","background-position":"center center","background-size":"auto","background-attachment":"scroll","background-type":"","background-media":"","overlay-type":"","overlay-color":"","overlay-opacity":"","overlay-gradient":""}}},"product_brand":[],"product_cat":[57,68,54],"product_tag":[],"class_list":{"0":"post-2811","1":"product","2":"type-product","3":"status-publish","4":"has-post-thumbnail","6":"product_cat-naturliga-parlor","7":"product_cat-sale","8":"product_cat-silver","9":"desktop-align-left","10":"tablet-align-left","11":"mobile-align-left","13":"first","14":"instock","15":"sale","16":"featured","17":"taxable","18":"shipping-taxable","19":"purchasable","20":"product-type-simple"},"aioseo_notices":[],"uagb_featured_image_src":{"full":["https:\/\/ecojewelry.se\/wp-content\/uploads\/2024\/09\/S23af9e7a637f46a5a4a8893aa7b4f8b5d-1.webp",750,500,false],"thumbnail":["https:\/\/ecojewelry.se\/wp-content\/uploads\/2024\/09\/S23af9e7a637f46a5a4a8893aa7b4f8b5d-1-150x150.webp",150,150,true],"medium":["https:\/\/ecojewelry.se\/wp-content\/uploads\/2024\/09\/S23af9e7a637f46a5a4a8893aa7b4f8b5d-1-300x200.webp",300,200,true],"medium_large":["https:\/\/ecojewelry.se\/wp-content\/uploads\/2024\/09\/S23af9e7a637f46a5a4a8893aa7b4f8b5d-1.webp",750,500,false],"large":["https:\/\/ecojewelry.se\/wp-content\/uploads\/2024\/09\/S23af9e7a637f46a5a4a8893aa7b4f8b5d-1.webp",750,500,false],"1536x1536":["https:\/\/ecojewelry.se\/wp-content\/uploads\/2024\/09\/S23af9e7a637f46a5a4a8893aa7b4f8b5d-1.webp",750,500,false],"2048x2048":["https:\/\/ecojewelry.se\/wp-content\/uploads\/2024\/09\/S23af9e7a637f46a5a4a8893aa7b4f8b5d-1.webp",750,500,false],"trp-custom-language-flag":["https:\/\/ecojewelry.se\/wp-content\/uploads\/2024\/09\/S23af9e7a637f46a5a4a8893aa7b4f8b5d-1.webp",18,12,false],"mailpoet_newsletter_max":["https:\/\/ecojewelry.se\/wp-content\/uploads\/2024\/09\/S23af9e7a637f46a5a4a8893aa7b4f8b5d-1.webp",750,500,false],"woocommerce_thumbnail":["https:\/\/ecojewelry.se\/wp-content\/uploads\/2024\/09\/S23af9e7a637f46a5a4a8893aa7b4f8b5d-1-300x300.webp",300,300,true],"woocommerce_single":["https:\/\/ecojewelry.se\/wp-content\/uploads\/2024\/09\/S23af9e7a637f46a5a4a8893aa7b4f8b5d-1-600x400.webp",600,400,true],"woocommerce_gallery_thumbnail":["https:\/\/ecojewelry.se\/wp-content\/uploads\/2024\/09\/S23af9e7a637f46a5a4a8893aa7b4f8b5d-1-100x100.webp",100,100,true]},"uagb_author_info":{"display_name":"sabahkarboug","author_link":"https:\/\/ecojewelry.se\/en\/author\/"},"uagb_comment_info":0,"uagb_excerpt":"\u00c4kta sterling silver \u00f6rh\u00e4ngen, droppformade f\u00f6r kvinnor","jetpack_sharing_enabled":true,"_links":{"self":[{"href":"https:\/\/ecojewelry.se\/en\/wp-json\/wp\/v2\/product\/2811","targetHints":{"allow":["GET"]}}],"collection":[{"href":"https:\/\/ecojewelry.se\/en\/wp-json\/wp\/v2\/product"}],"about":[{"href":"https:\/\/ecojewelry.se\/en\/wp-json\/wp\/v2\/types\/product"}],"replies":[{"embeddable":true,"href":"https:\/\/ecojewelry.se\/en\/wp-json\/wp\/v2\/comments?post=2811"}],"wp:featuredmedia":[{"embeddable":true,"href":"https:\/\/ecojewelry.se\/en\/wp-json\/wp\/v2\/media\/2813"}],"wp:attachment":[{"href":"https:\/\/ecojewelry.se\/en\/wp-json\/wp\/v2\/media?parent=2811"}],"wp:term":[{"taxonomy":"product_brand","embeddable":true,"href":"https:\/\/ecojewelry.se\/en\/wp-json\/wp\/v2\/product_brand?post=2811"},{"taxonomy":"product_cat","embeddable":true,"href":"https:\/\/ecojewelry.se\/en\/wp-json\/wp\/v2\/product_cat?post=2811"},{"taxonomy":"product_tag","embeddable":true,"href":"https:\/\/ecojewelry.se\/en\/wp-json\/wp\/v2\/product_tag?post=2811"}],"curies":[{"name":"wp","href":"https:\/\/api.w.org\/{rel}","templated":true}]}}